{"id":9260,"date":"2026-04-08T12:50:45","date_gmt":"2026-04-08T11:50:45","guid":{"rendered":"https:\/\/af3ddruk.me\/?post_type=product&#038;p=9260"},"modified":"2026-04-16T06:09:45","modified_gmt":"2026-04-16T05:09:45","slug":"organizer-biurkowy-2-komory","status":"publish","type":"product","link":"https:\/\/af3ddruk.me\/?product=organizer-biurkowy-2-komory","title":{"rendered":"Organizer biurkowy \u2013 2 komory 2&#215;10 cm"},"content":{"rendered":"<p data-start=\"75\" data-end=\"133\"><a href=\"https:\/\/af3ddruk.me\/wp-content\/uploads\/2026\/04\/Czarny-organizer-3D-drukowany.png\"><img fetchpriority=\"high\" decoding=\"async\" class=\"size-medium wp-image-9261 aligncenter\" src=\"https:\/\/af3ddruk.me\/wp-content\/uploads\/2026\/04\/Czarny-organizer-3D-drukowany-200x300.png\" alt=\"czarny organizer 10x5\" width=\"200\" height=\"300\" srcset=\"https:\/\/af3ddruk.me\/wp-content\/uploads\/2026\/04\/Czarny-organizer-3D-drukowany-200x300.png 200w, https:\/\/af3ddruk.me\/wp-content\/uploads\/2026\/04\/Czarny-organizer-3D-drukowany-683x1024.png 683w, https:\/\/af3ddruk.me\/wp-content\/uploads\/2026\/04\/Czarny-organizer-3D-drukowany-768x1152.png 768w, https:\/\/af3ddruk.me\/wp-content\/uploads\/2026\/04\/Czarny-organizer-3D-drukowany-600x900.png 600w, https:\/\/af3ddruk.me\/wp-content\/uploads\/2026\/04\/Czarny-organizer-3D-drukowany.png 1024w\" sizes=\"(max-width: 200px) 100vw, 200px\" \/><\/a><\/p>\n<p style=\"text-align: center;\" data-start=\"75\" data-end=\"133\"><strong data-start=\"75\" data-end=\"133\">Organizer biurkowy \u2013 2 komory 10&#215;5 cm\u00a0<\/strong><\/p>\n<p style=\"text-align: center;\" data-start=\"135\" data-end=\"360\">\u00a0Dzi\u0119ki dw\u00f3m praktycznym przegr\u00f3dkom z \u0142atwo\u015bci\u0105 posegregujesz drobne akcesoria, takie jak d\u0142ugopisy, kable, \u015brubki czy kosmetyki.<\/p>\n<p style=\"text-align: center;\" data-start=\"362\" data-end=\"501\">Wykonany z trwa\u0142ego materia\u0142u, organizer cechuje si\u0119 prost\u0105, nowoczesn\u0105 form\u0105, kt\u00f3ra pasuje do ka\u017cdego wn\u0119trza \u2013 zar\u00f3wno biura, jak i domu.<\/p>\n<p style=\"text-align: center;\" data-start=\"503\" data-end=\"522\"><strong data-start=\"503\" data-end=\"522\">\u00a0 \u00a0 \u00a0 \u00a0 Cechy produktu<\/strong><\/p>\n<p style=\"text-align: center;\">2 wygodne komory do segregacji<\/p>\n<p style=\"text-align: center;\">minimalistyczny, uniwersalny wygl\u0105d<\/p>\n<p style=\"text-align: center;\">solidne wykonanie<\/p>\n<p style=\"text-align: center;\">\u0142atwy do czyszczenia<\/p>\n<p style=\"text-align: center;\">kompaktowy rozmiar \u2013 idealny na biurko lub do szuflady<\/p>\n<p style=\"text-align: center;\" data-start=\"713\" data-end=\"730\"><strong data-start=\"713\" data-end=\"730\">\u00a0 \u00a0 \u00a0 \u00a0 \u00a0 Zastosowanie<\/strong><\/p>\n<p style=\"text-align: center;\">organizacja biurka<\/p>\n<p style=\"text-align: center;\">przechowywanie drobnych element\u00f3w<\/p>\n<p style=\"text-align: center;\">porz\u0105dkowanie akcesori\u00f3w warsztatowych lub kosmetycznych<\/p>\n<p style=\"text-align: center;\">\ud83c\uddf5\ud83c\uddf1 Produkt tworzony w Polsce<br \/>\nKa\u017cdy produkt jest projektowany i wykonywany lokalnie, z dba\u0142o\u015bci\u0105 o jako\u015b\u0107 i detale. Kupuj\u0105c, wspierasz polsk\u0105 produkcj\u0119.<\/p>\n<p>&nbsp;<\/p>\n","protected":false},"excerpt":{"rendered":"<p style=\"text-align: center;\">Funkcjonalny i estetyczny organizer, kt\u00f3ry pomo\u017ce utrzyma\u0107 porz\u0105dek na biurku lub w szufladzie.<\/p>\n","protected":false},"featured_media":9261,"template":"","meta":{"site-sidebar-layout":"default","site-content-layout":"","ast-site-content-layout":"default","site-content-style":"default","site-sidebar-style":"default","ast-global-header-display":"","ast-banner-title-visibility":"","ast-main-header-display":"","ast-hfb-above-header-display":"","ast-hfb-below-header-display":"","ast-hfb-mobile-header-display":"","site-post-title":"","ast-breadcrumbs-content":"","ast-featured-img":"","footer-sml-layout":"","ast-disable-related-posts":"","theme-transparent-header-meta":"default","adv-header-id-meta":"","stick-header-meta":"","header-above-stick-meta":"","header-main-stick-meta":"","header-below-stick-meta":"","astra-migrate-meta-layouts":"set","ast-page-background-enabled":"default","ast-page-background-meta":{"desktop":{"background-color":"","background-image":"","background-repeat":"repeat","background-position":"center center","background-size":"auto","background-attachment":"scroll","background-type":"","background-media":"","overlay-type":"","overlay-color":"","overlay-opacity":"","overlay-gradient":""},"tablet":{"background-color":"","background-image":"","background-repeat":"repeat","background-position":"center center","background-size":"auto","background-attachment":"scroll","background-type":"","background-media":"","overlay-type":"","overlay-color":"","overlay-opacity":"","overlay-gradient":""},"mobile":{"background-color":"","background-image":"","background-repeat":"repeat","background-position":"center center","background-size":"auto","background-attachment":"scroll","background-type":"","background-media":"","overlay-type":"","overlay-color":"","overlay-opacity":"","overlay-gradient":""}},"ast-content-background-meta":{"desktop":{"background-color":"var(--ast-global-color-5)","background-image":"","background-repeat":"repeat","background-position":"center center","background-size":"auto","background-attachment":"scroll","background-type":"","background-media":"","overlay-type":"","overlay-color":"","overlay-opacity":"","overlay-gradient":""},"tablet":{"background-color":"var(--ast-global-color-5)","background-image":"","background-repeat":"repeat","background-position":"center center","background-size":"auto","background-attachment":"scroll","background-type":"","background-media":"","overlay-type":"","overlay-color":"","overlay-opacity":"","overlay-gradient":""},"mobile":{"background-color":"var(--ast-global-color-5)","background-image":"","background-repeat":"repeat","background-position":"center center","background-size":"auto","background-attachment":"scroll","background-type":"","background-media":"","overlay-type":"","overlay-color":"","overlay-opacity":"","overlay-gradient":""}}},"product_brand":[],"product_cat":[37,161],"product_tag":[],"class_list":{"0":"post-9260","1":"product","2":"type-product","3":"status-publish","4":"has-post-thumbnail","6":"product_cat-dla-domu","7":"product_cat-organizery","8":"product_shipping_class-lekkie-paczki","9":"pa_kolor-bialy","10":"pa_kolor-brazowy","11":"pa_kolor-czarny","12":"pa_kolor-czerwony","13":"pa_kolor-fioletowy","14":"pa_kolor-niebieski","15":"pa_kolor-rozowy","16":"pa_kolor-szary","17":"pa_kolor-zielony","18":"desktop-align-center","19":"tablet-align-left","20":"mobile-align-center","22":"first","23":"instock","24":"featured","25":"shipping-taxable","26":"purchasable","27":"product-type-variable"},"_links":{"self":[{"href":"https:\/\/af3ddruk.me\/index.php?rest_route=\/wp\/v2\/product\/9260","targetHints":{"allow":["GET"]}}],"collection":[{"href":"https:\/\/af3ddruk.me\/index.php?rest_route=\/wp\/v2\/product"}],"about":[{"href":"https:\/\/af3ddruk.me\/index.php?rest_route=\/wp\/v2\/types\/product"}],"version-history":[{"count":4,"href":"https:\/\/af3ddruk.me\/index.php?rest_route=\/wp\/v2\/product\/9260\/revisions"}],"predecessor-version":[{"id":9313,"href":"https:\/\/af3ddruk.me\/index.php?rest_route=\/wp\/v2\/product\/9260\/revisions\/9313"}],"wp:featuredmedia":[{"embeddable":true,"href":"https:\/\/af3ddruk.me\/index.php?rest_route=\/wp\/v2\/media\/9261"}],"wp:attachment":[{"href":"https:\/\/af3ddruk.me\/index.php?rest_route=%2Fwp%2Fv2%2Fmedia&parent=9260"}],"wp:term":[{"taxonomy":"product_brand","embeddable":true,"href":"https:\/\/af3ddruk.me\/index.php?rest_route=%2Fwp%2Fv2%2Fproduct_brand&post=9260"},{"taxonomy":"product_cat","embeddable":true,"href":"https:\/\/af3ddruk.me\/index.php?rest_route=%2Fwp%2Fv2%2Fproduct_cat&post=9260"},{"taxonomy":"product_tag","embeddable":true,"href":"https:\/\/af3ddruk.me\/index.php?rest_route=%2Fwp%2Fv2%2Fproduct_tag&post=9260"}],"curies":[{"name":"wp","href":"https:\/\/api.w.org\/{rel}","templated":true}]}}