{"id":9132,"date":"2026-04-06T17:50:59","date_gmt":"2026-04-06T16:50:59","guid":{"rendered":"https:\/\/af3ddruk.me\/?post_type=product&#038;p=9132"},"modified":"2026-04-16T08:25:26","modified_gmt":"2026-04-16T07:25:26","slug":"organizer-5x5cm","status":"publish","type":"product","link":"https:\/\/af3ddruk.me\/?product=organizer-5x5cm","title":{"rendered":"Organizer 5&#215;5 cm"},"content":{"rendered":"<div class=\"flex flex-col text-sm pb-25\">\n<section class=\"text-token-text-primary w-full focus:outline-none [--shadow-height:45px] has-data-writing-block:pointer-events-none has-data-writing-block:-mt-(--shadow-height) has-data-writing-block:pt-(--shadow-height) [&amp;:has([data-writing-block])&gt;*]:pointer-events-auto scroll-mt-[calc(var(--header-height)+min(200px,max(70px,20svh)))]\" dir=\"auto\" data-turn-id=\"request-WEB:208c5eae-ea64-4588-a02b-07fcb6937052-58\" data-testid=\"conversation-turn-46\" data-scroll-anchor=\"true\" data-turn=\"assistant\">\n<div class=\"text-base my-auto mx-auto pb-10 [--thread-content-margin:var(--thread-content-margin-xs,calc(var(--spacing)*4))] @w-sm\/main:[--thread-content-margin:var(--thread-content-margin-sm,calc(var(--spacing)*6))] @w-lg\/main:[--thread-content-margin:var(--thread-content-margin-lg,calc(var(--spacing)*16))] px-(--thread-content-margin)\">\n<div class=\"[--thread-content-max-width:40rem] @w-lg\/main:[--thread-content-max-width:48rem] mx-auto max-w-(--thread-content-max-width) flex-1 group\/turn-messages focus-visible:outline-hidden relative flex w-full min-w-0 flex-col agent-turn\">\n<div class=\"flex max-w-full flex-col gap-4 grow\">\n<div class=\"min-h-8 text-message relative flex w-full flex-col items-end gap-2 text-start break-words whitespace-normal outline-none keyboard-focused:focus-ring [.text-message+&amp;]:mt-1\" dir=\"auto\" tabindex=\"0\" data-message-author-role=\"assistant\" data-message-id=\"a6933afe-fd25-41ef-adeb-c05b26bc9308\" data-message-model-slug=\"gpt-5-3\" data-turn-start-message=\"true\">\n<div class=\"flex w-full flex-col gap-1 empty:hidden\">\n<div class=\"markdown prose dark:prose-invert w-full wrap-break-word light markdown-new-styling\">\n<h3 data-section-id=\"dmi2ik\" data-start=\"42\" data-end=\"94\"><a href=\"https:\/\/af3ddruk.me\/wp-content\/uploads\/2026\/04\/Czarny-pojemnik-na-bialym-tle.png\"><img fetchpriority=\"high\" decoding=\"async\" class=\"size-medium wp-image-9145 aligncenter\" src=\"https:\/\/af3ddruk.me\/wp-content\/uploads\/2026\/04\/Czarny-pojemnik-na-bialym-tle-300x200.png\" alt=\"\" width=\"300\" height=\"200\" srcset=\"https:\/\/af3ddruk.me\/wp-content\/uploads\/2026\/04\/Czarny-pojemnik-na-bialym-tle-300x200.png 300w, https:\/\/af3ddruk.me\/wp-content\/uploads\/2026\/04\/Czarny-pojemnik-na-bialym-tle-1024x683.png 1024w, https:\/\/af3ddruk.me\/wp-content\/uploads\/2026\/04\/Czarny-pojemnik-na-bialym-tle-768x512.png 768w, https:\/\/af3ddruk.me\/wp-content\/uploads\/2026\/04\/Czarny-pojemnik-na-bialym-tle-600x400.png 600w, https:\/\/af3ddruk.me\/wp-content\/uploads\/2026\/04\/Czarny-pojemnik-na-bialym-tle.png 1536w\" sizes=\"(max-width: 300px) 100vw, 300px\" \/><\/a><\/h3>\n<h3 style=\"text-align: center;\" data-section-id=\"10es7c9\" data-start=\"281\" data-end=\"327\">\ud83d\udda4 Organizer \u2013 uniwersalny (5 \u00d7 5 cm)<\/h3>\n<p style=\"text-align: center;\" data-start=\"96\" data-end=\"333\">\u00a0Prosta forma i estetyczne wyko\u0144czenie sprawiaj\u0105, \u017ce produkt \u015bwietnie prezentuje si\u0119 w ka\u017cdym wn\u0119trzu.<\/p>\n<p style=\"text-align: center;\" data-start=\"335\" data-end=\"355\"><strong data-start=\"335\" data-end=\"355\">\ud83d\udd27 Specyfikacja:<\/strong><\/p>\n<ul style=\"text-align: center;\" data-start=\"356\" data-end=\"554\">\n<li data-section-id=\"1yotor0\" data-start=\"356\" data-end=\"379\">Kszta\u0142t: kwadratowy<\/li>\n<li data-section-id=\"x1dlkg\" data-start=\"380\" data-end=\"417\"><strong>R\u00f3\u017cne kolory<\/strong><\/li>\n<li data-section-id=\"1cu15rj\" data-start=\"418\" data-end=\"457\">Wymiary wewn\u0119trzne: <strong data-start=\"440\" data-end=\"455\">5 cm x 5 cm x 3 cm<\/strong><\/li>\n<li data-section-id=\"zwlk86\" data-start=\"458\" data-end=\"520\">Materia\u0142: trwa\u0142e tworzywo sztuczne<\/li>\n<li data-section-id=\"1v8t5bz\" data-start=\"521\" data-end=\"554\">Konstrukcja: jednolita, solidna<\/li>\n<\/ul>\n<p style=\"text-align: center;\" data-start=\"556\" data-end=\"576\"><strong data-start=\"556\" data-end=\"576\">\ud83d\udce6 Zastosowanie:<\/strong><\/p>\n<ul style=\"text-align: center;\" data-start=\"577\" data-end=\"738\">\n<li data-section-id=\"znlj5c\" data-start=\"577\" data-end=\"642\">przechowywanie drobnych element\u00f3w (\u015brubki, cz\u0119\u015bci, akcesoria)<\/li>\n<li data-section-id=\"19ca5bx\" data-start=\"643\" data-end=\"694\">organizer biurkowy (spinacze, gumki, drobiazgi)<\/li>\n<li data-section-id=\"1u0cjk3\" data-start=\"695\" data-end=\"738\">modu\u0142 do wi\u0119kszych system\u00f3w organizacji<\/li>\n<\/ul>\n<p style=\"text-align: center;\" data-start=\"740\" data-end=\"753\"><strong data-start=\"740\" data-end=\"753\">\u2728 Zalety:<\/strong><\/p>\n<ul style=\"text-align: center;\" data-start=\"754\" data-end=\"853\">\n<li data-section-id=\"130akg\" data-start=\"754\" data-end=\"780\">minimalistyczny design<\/li>\n<li data-section-id=\"kwvk6h\" data-start=\"781\" data-end=\"805\">\u0142atwy do czyszczenia<\/li>\n<li data-section-id=\"1flklx9\" data-start=\"806\" data-end=\"828\">lekki i wytrzyma\u0142y<\/li>\n<li data-section-id=\"v3h9f3\" data-start=\"829\" data-end=\"853\">stabilna konstrukcja<\/li>\n<\/ul>\n<hr data-start=\"855\" data-end=\"858\" \/>\n<p data-start=\"860\" data-end=\"983\" data-is-last-node=\"\" data-is-only-node=\"\">\n<\/div>\n<\/div>\n<\/div>\n<\/div>\n<div class=\"z-0 flex min-h-[46px] justify-start\">\n<p style=\"text-align: center;\">\ud83c\uddf5\ud83c\uddf1 Produkt tworzony w Polsce<br \/>\nKa\u017cdy produkt jest projektowany i wykonywany lokalnie, z dba\u0142o\u015bci\u0105 o jako\u015b\u0107 i detale. Kupuj\u0105c, wspierasz polsk\u0105 produkcj\u0119.<\/p>\n<p>&nbsp;<\/p>\n<\/div>\n<div class=\"mt-3 w-full empty:hidden\">\n<div class=\"text-center\"><\/div>\n<\/div>\n<\/div>\n<\/div>\n<\/section>\n<\/div>\n<div class=\"pointer-events-none h-px w-px absolute bottom-0\" aria-hidden=\"true\" data-edge=\"true\"><\/div>\n","protected":false},"excerpt":{"rendered":"<p style=\"text-align: center;\">Funkcjonalny pojemnik w minimalistycznym stylu, idealny do organizacji drobnych przedmiot\u00f3w w domu, biurze lub warsztacie.<\/p>\n","protected":false},"featured_media":9133,"template":"","meta":{"site-sidebar-layout":"default","site-content-layout":"","ast-site-content-layout":"default","site-content-style":"default","site-sidebar-style":"default","ast-global-header-display":"","ast-banner-title-visibility":"","ast-main-header-display":"","ast-hfb-above-header-display":"","ast-hfb-below-header-display":"","ast-hfb-mobile-header-display":"","site-post-title":"","ast-breadcrumbs-content":"","ast-featured-img":"","footer-sml-layout":"","ast-disable-related-posts":"","theme-transparent-header-meta":"default","adv-header-id-meta":"","stick-header-meta":"","header-above-stick-meta":"","header-main-stick-meta":"","header-below-stick-meta":"","astra-migrate-meta-layouts":"set","ast-page-background-enabled":"default","ast-page-background-meta":{"desktop":{"background-color":"","background-image":"","background-repeat":"repeat","background-position":"center center","background-size":"auto","background-attachment":"scroll","background-type":"","background-media":"","overlay-type":"","overlay-color":"","overlay-opacity":"","overlay-gradient":""},"tablet":{"background-color":"","background-image":"","background-repeat":"repeat","background-position":"center center","background-size":"auto","background-attachment":"scroll","background-type":"","background-media":"","overlay-type":"","overlay-color":"","overlay-opacity":"","overlay-gradient":""},"mobile":{"background-color":"","background-image":"","background-repeat":"repeat","background-position":"center center","background-size":"auto","background-attachment":"scroll","background-type":"","background-media":"","overlay-type":"","overlay-color":"","overlay-opacity":"","overlay-gradient":""}},"ast-content-background-meta":{"desktop":{"background-color":"var(--ast-global-color-5)","background-image":"","background-repeat":"repeat","background-position":"center center","background-size":"auto","background-attachment":"scroll","background-type":"","background-media":"","overlay-type":"","overlay-color":"","overlay-opacity":"","overlay-gradient":""},"tablet":{"background-color":"var(--ast-global-color-5)","background-image":"","background-repeat":"repeat","background-position":"center center","background-size":"auto","background-attachment":"scroll","background-type":"","background-media":"","overlay-type":"","overlay-color":"","overlay-opacity":"","overlay-gradient":""},"mobile":{"background-color":"var(--ast-global-color-5)","background-image":"","background-repeat":"repeat","background-position":"center center","background-size":"auto","background-attachment":"scroll","background-type":"","background-media":"","overlay-type":"","overlay-color":"","overlay-opacity":"","overlay-gradient":""}}},"product_brand":[],"product_cat":[161],"product_tag":[],"class_list":{"0":"post-9132","1":"product","2":"type-product","3":"status-publish","4":"has-post-thumbnail","6":"product_cat-organizery","7":"product_shipping_class-lekkie-paczki","8":"pa_kolor-bialy","9":"pa_kolor-brazowy","10":"pa_kolor-czarny","11":"pa_kolor-czerwony","12":"pa_kolor-fioletowy","13":"pa_kolor-niebieski","14":"pa_kolor-pomaranczowy","15":"pa_kolor-rozowy","16":"pa_kolor-szary","17":"pa_kolor-zielony","18":"pa_kolor-zolty","19":"desktop-align-center","20":"tablet-align-left","21":"mobile-align-center","23":"first","24":"instock","25":"featured","26":"shipping-taxable","27":"purchasable","28":"product-type-variable"},"_links":{"self":[{"href":"https:\/\/af3ddruk.me\/index.php?rest_route=\/wp\/v2\/product\/9132","targetHints":{"allow":["GET"]}}],"collection":[{"href":"https:\/\/af3ddruk.me\/index.php?rest_route=\/wp\/v2\/product"}],"about":[{"href":"https:\/\/af3ddruk.me\/index.php?rest_route=\/wp\/v2\/types\/product"}],"version-history":[{"count":9,"href":"https:\/\/af3ddruk.me\/index.php?rest_route=\/wp\/v2\/product\/9132\/revisions"}],"predecessor-version":[{"id":9155,"href":"https:\/\/af3ddruk.me\/index.php?rest_route=\/wp\/v2\/product\/9132\/revisions\/9155"}],"wp:featuredmedia":[{"embeddable":true,"href":"https:\/\/af3ddruk.me\/index.php?rest_route=\/wp\/v2\/media\/9133"}],"wp:attachment":[{"href":"https:\/\/af3ddruk.me\/index.php?rest_route=%2Fwp%2Fv2%2Fmedia&parent=9132"}],"wp:term":[{"taxonomy":"product_brand","embeddable":true,"href":"https:\/\/af3ddruk.me\/index.php?rest_route=%2Fwp%2Fv2%2Fproduct_brand&post=9132"},{"taxonomy":"product_cat","embeddable":true,"href":"https:\/\/af3ddruk.me\/index.php?rest_route=%2Fwp%2Fv2%2Fproduct_cat&post=9132"},{"taxonomy":"product_tag","embeddable":true,"href":"https:\/\/af3ddruk.me\/index.php?rest_route=%2Fwp%2Fv2%2Fproduct_tag&post=9132"}],"curies":[{"name":"wp","href":"https:\/\/api.w.org\/{rel}","templated":true}]}}