{"id":9096,"date":"2026-04-06T15:59:17","date_gmt":"2026-04-06T14:59:17","guid":{"rendered":"https:\/\/af3ddruk.me\/?post_type=product&#038;p=9096"},"modified":"2026-04-16T06:09:49","modified_gmt":"2026-04-16T05:09:49","slug":"organizer-10x10-cm","status":"publish","type":"product","link":"https:\/\/af3ddruk.me\/?product=organizer-10x10-cm","title":{"rendered":"Organizer 10&#215;10 cm"},"content":{"rendered":"<h3 style=\"text-align: center;\" data-section-id=\"10es7c9\" data-start=\"281\" data-end=\"327\">\ud83d\udda4 Organizer 3D \u2013 uniwersalny (10 \u00d7 10 cm)<\/h3>\n<p style=\"text-align: center;\" data-start=\"458\" data-end=\"681\">Dzi\u0119ki wymiarom <strong data-start=\"474\" data-end=\"488\">10 \u00d7 10 cm<\/strong> oraz wysoko\u015bci <strong data-start=\"504\" data-end=\"512\">3 cm<\/strong>, \u015bwietnie sprawdzi si\u0119 zar\u00f3wno na biurku, jak i w szufladzie czy warsztacie. Otwarta przestrze\u0144 pozwala wygodnie przechowywa\u0107 r\u00f3\u017cnego rodzaju przedmioty bez ogranicze\u0144.<\/p>\n<h3 style=\"text-align: center;\" data-section-id=\"pktb9i\" data-start=\"683\" data-end=\"709\">\u2705 Najwa\u017cniejsze cechy<\/h3>\n<ul style=\"text-align: center;\" data-start=\"710\" data-end=\"925\">\n<li data-section-id=\"1i3yruc\" data-start=\"710\" data-end=\"754\">uniwersalna przestrze\u0144 do przechowywania<\/li>\n<li data-section-id=\"1b3w31c\" data-start=\"755\" data-end=\"795\">kompaktowy rozmiar \u2013 pasuje wsz\u0119dzie<\/li>\n<li data-section-id=\"thrara\" data-start=\"796\" data-end=\"826\">trwa\u0142y materia\u0142<\/li>\n<li data-section-id=\"thrara\" data-start=\"796\" data-end=\"826\">nowoczesny, minimalistyczny design<\/li>\n<li data-section-id=\"kwvk6h\" data-start=\"866\" data-end=\"890\">\u0142atwy do czyszczenia<\/li>\n<li data-section-id=\"kwvk6h\" data-start=\"866\" data-end=\"890\"><strong>R\u00f3\u017cne kolory<\/strong><\/li>\n<li data-section-id=\"1dt4wmk\" data-start=\"891\" data-end=\"925\"><\/li>\n<\/ul>\n<h3 style=\"text-align: center;\" data-section-id=\"1peb38w\" data-start=\"927\" data-end=\"947\">\ud83e\udde9 Zastosowanie<\/h3>\n<p style=\"text-align: center;\" data-start=\"948\" data-end=\"983\">Organizer sprawdzi si\u0119 idealnie do:<\/p>\n<ul style=\"text-align: center;\" data-start=\"984\" data-end=\"1117\">\n<li data-section-id=\"r3rdpo\" data-start=\"984\" data-end=\"1015\">\u015brubek i drobnych element\u00f3w<\/li>\n<li data-section-id=\"1f0blrj\" data-start=\"1016\" data-end=\"1042\">bi\u017cuterii i akcesori\u00f3w<\/li>\n<li data-section-id=\"18hicap\" data-start=\"1043\" data-end=\"1067\">akcesori\u00f3w biurowych<\/li>\n<li data-section-id=\"rhe4hk\" data-start=\"1068\" data-end=\"1090\">cz\u0119\u015bci do druku 3D<\/li>\n<li data-section-id=\"1q37ijy\" data-start=\"1091\" data-end=\"1117\">codziennych drobiazg\u00f3w<\/li>\n<\/ul>\n<h3 style=\"text-align: center;\" data-section-id=\"dyxqvc\" data-start=\"1119\" data-end=\"1141\">\ud83c\udfaf Dlaczego warto?<\/h3>\n<p style=\"text-align: center;\" data-start=\"1142\" data-end=\"1296\">To praktyczne rozwi\u0105zanie dla os\u00f3b, kt\u00f3re ceni\u0105 porz\u0105dek i prostot\u0119. Jeden organizer \u2013 wiele zastosowa\u0144. Bez zb\u0119dnych przegr\u00f3d, pe\u0142na swoboda u\u017cytkowania.<\/p>\n<p style=\"text-align: center;\" data-start=\"1142\" data-end=\"1296\">\ud83c\uddf5\ud83c\uddf1 Produkt tworzony w Polsce<br \/>\nKa\u017cdy produkt jest projektowany i wykonywany lokalnie, z dba\u0142o\u015bci\u0105 o jako\u015b\u0107 i detale. Kupuj\u0105c, wspierasz polsk\u0105 produkcj\u0119.<\/p>\n","protected":false},"excerpt":{"rendered":"<p style=\"text-align: center;\">Prosty i funkcjonalny organizer kt\u00f3ry pomo\u017ce Ci utrzyma\u0107 porz\u0105dek w ka\u017cdej przestrzeni.<\/p>\n","protected":false},"featured_media":9097,"template":"","meta":{"site-sidebar-layout":"default","site-content-layout":"","ast-site-content-layout":"default","site-content-style":"default","site-sidebar-style":"default","ast-global-header-display":"","ast-banner-title-visibility":"","ast-main-header-display":"","ast-hfb-above-header-display":"","ast-hfb-below-header-display":"","ast-hfb-mobile-header-display":"","site-post-title":"","ast-breadcrumbs-content":"","ast-featured-img":"","footer-sml-layout":"","ast-disable-related-posts":"","theme-transparent-header-meta":"default","adv-header-id-meta":"","stick-header-meta":"","header-above-stick-meta":"","header-main-stick-meta":"","header-below-stick-meta":"","astra-migrate-meta-layouts":"set","ast-page-background-enabled":"default","ast-page-background-meta":{"desktop":{"background-color":"","background-image":"","background-repeat":"repeat","background-position":"center center","background-size":"auto","background-attachment":"scroll","background-type":"","background-media":"","overlay-type":"","overlay-color":"","overlay-opacity":"","overlay-gradient":""},"tablet":{"background-color":"","background-image":"","background-repeat":"repeat","background-position":"center center","background-size":"auto","background-attachment":"scroll","background-type":"","background-media":"","overlay-type":"","overlay-color":"","overlay-opacity":"","overlay-gradient":""},"mobile":{"background-color":"","background-image":"","background-repeat":"repeat","background-position":"center center","background-size":"auto","background-attachment":"scroll","background-type":"","background-media":"","overlay-type":"","overlay-color":"","overlay-opacity":"","overlay-gradient":""}},"ast-content-background-meta":{"desktop":{"background-color":"var(--ast-global-color-5)","background-image":"","background-repeat":"repeat","background-position":"center center","background-size":"auto","background-attachment":"scroll","background-type":"","background-media":"","overlay-type":"","overlay-color":"","overlay-opacity":"","overlay-gradient":""},"tablet":{"background-color":"var(--ast-global-color-5)","background-image":"","background-repeat":"repeat","background-position":"center center","background-size":"auto","background-attachment":"scroll","background-type":"","background-media":"","overlay-type":"","overlay-color":"","overlay-opacity":"","overlay-gradient":""},"mobile":{"background-color":"var(--ast-global-color-5)","background-image":"","background-repeat":"repeat","background-position":"center center","background-size":"auto","background-attachment":"scroll","background-type":"","background-media":"","overlay-type":"","overlay-color":"","overlay-opacity":"","overlay-gradient":""}}},"product_brand":[],"product_cat":[161],"product_tag":[],"class_list":{"0":"post-9096","1":"product","2":"type-product","3":"status-publish","4":"has-post-thumbnail","6":"product_cat-organizery","7":"product_shipping_class-lekkie-paczki","8":"pa_kolor-bialy","9":"pa_kolor-brazowy","10":"pa_kolor-czarny","11":"pa_kolor-czerwony","12":"pa_kolor-fioletowy","13":"pa_kolor-niebieski","14":"pa_kolor-pomaranczowy","15":"pa_kolor-rozowy","16":"pa_kolor-szary","17":"pa_kolor-zielony","18":"pa_kolor-zolty","19":"desktop-align-center","20":"tablet-align-left","21":"mobile-align-center","23":"first","24":"instock","25":"featured","26":"shipping-taxable","27":"purchasable","28":"product-type-variable"},"_links":{"self":[{"href":"https:\/\/af3ddruk.me\/index.php?rest_route=\/wp\/v2\/product\/9096","targetHints":{"allow":["GET"]}}],"collection":[{"href":"https:\/\/af3ddruk.me\/index.php?rest_route=\/wp\/v2\/product"}],"about":[{"href":"https:\/\/af3ddruk.me\/index.php?rest_route=\/wp\/v2\/types\/product"}],"version-history":[{"count":6,"href":"https:\/\/af3ddruk.me\/index.php?rest_route=\/wp\/v2\/product\/9096\/revisions"}],"predecessor-version":[{"id":9122,"href":"https:\/\/af3ddruk.me\/index.php?rest_route=\/wp\/v2\/product\/9096\/revisions\/9122"}],"wp:featuredmedia":[{"embeddable":true,"href":"https:\/\/af3ddruk.me\/index.php?rest_route=\/wp\/v2\/media\/9097"}],"wp:attachment":[{"href":"https:\/\/af3ddruk.me\/index.php?rest_route=%2Fwp%2Fv2%2Fmedia&parent=9096"}],"wp:term":[{"taxonomy":"product_brand","embeddable":true,"href":"https:\/\/af3ddruk.me\/index.php?rest_route=%2Fwp%2Fv2%2Fproduct_brand&post=9096"},{"taxonomy":"product_cat","embeddable":true,"href":"https:\/\/af3ddruk.me\/index.php?rest_route=%2Fwp%2Fv2%2Fproduct_cat&post=9096"},{"taxonomy":"product_tag","embeddable":true,"href":"https:\/\/af3ddruk.me\/index.php?rest_route=%2Fwp%2Fv2%2Fproduct_tag&post=9096"}],"curies":[{"name":"wp","href":"https:\/\/api.w.org\/{rel}","templated":true}]}}