{"id":9063,"date":"2026-04-06T07:26:09","date_gmt":"2026-04-06T06:26:09","guid":{"rendered":"https:\/\/af3ddruk.me\/?post_type=product&#038;p=9063"},"modified":"2026-04-16T08:25:20","modified_gmt":"2026-04-16T07:25:20","slug":"organizer-4-komorowy","status":"publish","type":"product","link":"https:\/\/af3ddruk.me\/?product=organizer-4-komorowy","title":{"rendered":"Organizer 4-komorowy 10&#215;5 cm"},"content":{"rendered":"<h3 data-section-id=\"ark85d\" data-start=\"371\" data-end=\"390\"><a href=\"https:\/\/af3ddruk.me\/wp-content\/uploads\/2026\/04\/Organizer-z-wymiarami-10x5-cm-1.png\"><img fetchpriority=\"high\" decoding=\"async\" class=\"size-medium wp-image-9065 aligncenter\" src=\"https:\/\/af3ddruk.me\/wp-content\/uploads\/2026\/04\/Organizer-z-wymiarami-10x5-cm-1-300x200.png\" alt=\"Organizer \" width=\"300\" height=\"200\" srcset=\"https:\/\/af3ddruk.me\/wp-content\/uploads\/2026\/04\/Organizer-z-wymiarami-10x5-cm-1-300x200.png 300w, https:\/\/af3ddruk.me\/wp-content\/uploads\/2026\/04\/Organizer-z-wymiarami-10x5-cm-1-1024x683.png 1024w, https:\/\/af3ddruk.me\/wp-content\/uploads\/2026\/04\/Organizer-z-wymiarami-10x5-cm-1-768x512.png 768w, https:\/\/af3ddruk.me\/wp-content\/uploads\/2026\/04\/Organizer-z-wymiarami-10x5-cm-1-600x400.png 600w, https:\/\/af3ddruk.me\/wp-content\/uploads\/2026\/04\/Organizer-z-wymiarami-10x5-cm-1.png 1536w\" sizes=\"(max-width: 300px) 100vw, 300px\" \/><\/a><\/h3>\n<h3 style=\"text-align: center;\" data-section-id=\"ark85d\" data-start=\"371\" data-end=\"390\">Funkcjonalny organizer z 4 pod\u0142u\u017cnymi komorami, idealny do przechowywania drobnych przedmiot\u00f3w w uporz\u0105dkowany spos\u00f3b. Nowoczesny, niebieski kolor nadaje mu estetyczny wygl\u0105d i sprawia, \u017ce \u015bwietnie prezentuje si\u0119 na biurku, w szufladzie lub warsztacie.<\/h3>\n<h3 data-section-id=\"ark85d\" data-start=\"371\" data-end=\"390\"><\/h3>\n<h3 style=\"text-align: center;\" data-section-id=\"ark85d\" data-start=\"371\" data-end=\"390\">\u2699\ufe0f Specyfikacja<\/h3>\n<ul style=\"text-align: center;\" data-start=\"391\" data-end=\"612\">\n<li data-section-id=\"1ha9t8m\" data-start=\"391\" data-end=\"417\"><strong data-start=\"393\" data-end=\"413\">Liczba przegr\u00f3d:<\/strong> 4<\/li>\n<li data-section-id=\"1x0rrgd\" data-start=\"418\" data-end=\"448\"><strong data-start=\"420\" data-end=\"430\">Uk\u0142ad:<\/strong> pod\u0142u\u017cne komory<\/li>\n<li data-section-id=\"p9qin1\" data-start=\"449\" data-end=\"497\"><strong data-start=\"451\" data-end=\"464\">Materia\u0142:<\/strong> tworzywo sztuczne<\/li>\n<li data-section-id=\"b48d0a\" data-start=\"498\" data-end=\"522\"><strong data-start=\"500\" data-end=\"510\">R\u00f3\u017cne Kolory<\/strong><\/li>\n<li data-section-id=\"b48d0a\" data-start=\"498\" data-end=\"522\"><strong>Wymiary komory: <\/strong>5cm na 10 cm<\/li>\n<li data-section-id=\"b6t5eo\" data-start=\"523\" data-end=\"574\"><strong data-start=\"525\" data-end=\"541\">Wyko\u0144czenie:<\/strong> matowe, lekko teksturowane dno<\/li>\n<\/ul>\n<hr data-start=\"614\" data-end=\"617\" \/>\n<h3 style=\"text-align: center;\" data-section-id=\"1xa4gzg\" data-start=\"619\" data-end=\"631\">\u2705 Zalety<\/h3>\n<ul style=\"text-align: center;\" data-start=\"632\" data-end=\"909\">\n<li data-section-id=\"75c6m9\" data-start=\"632\" data-end=\"692\">\u2714\ufe0f <strong data-start=\"637\" data-end=\"659\">Prosta organizacja<\/strong> \u2013 \u0142atwe segregowanie element\u00f3w<\/li>\n<li data-section-id=\"1b717ql\" data-start=\"693\" data-end=\"753\">\u2714\ufe0f <strong data-start=\"698\" data-end=\"720\">Kompaktowy rozmiar<\/strong> \u2013 pasuje do wi\u0119kszo\u015bci szuflad<\/li>\n<li data-section-id=\"1vzn8bj\" data-start=\"754\" data-end=\"811\">\u2714\ufe0f <strong data-start=\"759\" data-end=\"780\">Nowoczesny design<\/strong> \u2013 estetyczny niebieski kolor<\/li>\n<li data-section-id=\"1cgzm85\" data-start=\"812\" data-end=\"873\">\u2714\ufe0f <strong data-start=\"817\" data-end=\"839\">Lekki i wytrzyma\u0142y<\/strong> \u2013 idealny do codziennego u\u017cytku<\/li>\n<li data-section-id=\"17o46dr\" data-start=\"874\" data-end=\"909\">\u2714\ufe0f <strong data-start=\"879\" data-end=\"907\">Uniwersalne zastosowanie<\/strong><\/li>\n<\/ul>\n<hr data-start=\"911\" data-end=\"914\" \/>\n<h3 style=\"text-align: center;\" data-section-id=\"s2cmdq\" data-start=\"916\" data-end=\"935\">\ud83c\udfaf Zastosowanie<\/h3>\n<ul data-start=\"936\" data-end=\"1054\">\n<li style=\"text-align: center;\" data-section-id=\"1ks3sgf\" data-start=\"936\" data-end=\"971\">\u015brubki, narz\u0119dzia, elementy DIY<\/li>\n<li style=\"text-align: center;\" data-section-id=\"v8d75u\" data-start=\"972\" data-end=\"997\">bi\u017cuteria i akcesoria<\/li>\n<li style=\"text-align: center;\" data-section-id=\"e94mig\" data-start=\"998\" data-end=\"1011\">kosmetyki<\/li>\n<li style=\"text-align: center;\" data-section-id=\"1dx0whf\" data-start=\"1012\" data-end=\"1054\">organizacja w szufladzie lub na biurku<\/li>\n<\/ul>\n","protected":false},"excerpt":{"rendered":"<p style=\"text-align: center;\"><strong data-start=\"1094\" data-end=\"1151\">Praktyczny organizer 4-komorowy w r\u00f3\u017cnym kolorze<\/strong><br data-start=\"1151\" data-end=\"1154\" \/>Zadbaj o porz\u0105dek i wygod\u0119 \u2013 wszystko zawsze na swoim miejscu.<\/p>\n","protected":false},"featured_media":9065,"template":"","meta":{"site-sidebar-layout":"default","site-content-layout":"","ast-site-content-layout":"default","site-content-style":"default","site-sidebar-style":"default","ast-global-header-display":"","ast-banner-title-visibility":"","ast-main-header-display":"","ast-hfb-above-header-display":"","ast-hfb-below-header-display":"","ast-hfb-mobile-header-display":"","site-post-title":"","ast-breadcrumbs-content":"","ast-featured-img":"","footer-sml-layout":"","ast-disable-related-posts":"","theme-transparent-header-meta":"default","adv-header-id-meta":"","stick-header-meta":"","header-above-stick-meta":"","header-main-stick-meta":"","header-below-stick-meta":"","astra-migrate-meta-layouts":"set","ast-page-background-enabled":"default","ast-page-background-meta":{"desktop":{"background-color":"","background-image":"","background-repeat":"repeat","background-position":"center center","background-size":"auto","background-attachment":"scroll","background-type":"","background-media":"","overlay-type":"","overlay-color":"","overlay-opacity":"","overlay-gradient":""},"tablet":{"background-color":"","background-image":"","background-repeat":"repeat","background-position":"center center","background-size":"auto","background-attachment":"scroll","background-type":"","background-media":"","overlay-type":"","overlay-color":"","overlay-opacity":"","overlay-gradient":""},"mobile":{"background-color":"","background-image":"","background-repeat":"repeat","background-position":"center center","background-size":"auto","background-attachment":"scroll","background-type":"","background-media":"","overlay-type":"","overlay-color":"","overlay-opacity":"","overlay-gradient":""}},"ast-content-background-meta":{"desktop":{"background-color":"var(--ast-global-color-5)","background-image":"","background-repeat":"repeat","background-position":"center center","background-size":"auto","background-attachment":"scroll","background-type":"","background-media":"","overlay-type":"","overlay-color":"","overlay-opacity":"","overlay-gradient":""},"tablet":{"background-color":"var(--ast-global-color-5)","background-image":"","background-repeat":"repeat","background-position":"center center","background-size":"auto","background-attachment":"scroll","background-type":"","background-media":"","overlay-type":"","overlay-color":"","overlay-opacity":"","overlay-gradient":""},"mobile":{"background-color":"var(--ast-global-color-5)","background-image":"","background-repeat":"repeat","background-position":"center center","background-size":"auto","background-attachment":"scroll","background-type":"","background-media":"","overlay-type":"","overlay-color":"","overlay-opacity":"","overlay-gradient":""}}},"product_brand":[],"product_cat":[161],"product_tag":[],"class_list":{"0":"post-9063","1":"product","2":"type-product","3":"status-publish","4":"has-post-thumbnail","6":"product_cat-organizery","7":"product_shipping_class-lekkie-paczki","8":"pa_kolor-bialy","9":"pa_kolor-brazowy","10":"pa_kolor-czarny","11":"pa_kolor-czerwony","12":"pa_kolor-fioletowy","13":"pa_kolor-niebieski","14":"pa_kolor-rozowy","15":"pa_kolor-szary","16":"desktop-align-center","17":"tablet-align-left","18":"mobile-align-center","20":"first","21":"instock","22":"featured","23":"shipping-taxable","24":"purchasable","25":"product-type-variable"},"_links":{"self":[{"href":"https:\/\/af3ddruk.me\/index.php?rest_route=\/wp\/v2\/product\/9063","targetHints":{"allow":["GET"]}}],"collection":[{"href":"https:\/\/af3ddruk.me\/index.php?rest_route=\/wp\/v2\/product"}],"about":[{"href":"https:\/\/af3ddruk.me\/index.php?rest_route=\/wp\/v2\/types\/product"}],"version-history":[{"count":10,"href":"https:\/\/af3ddruk.me\/index.php?rest_route=\/wp\/v2\/product\/9063\/revisions"}],"predecessor-version":[{"id":9316,"href":"https:\/\/af3ddruk.me\/index.php?rest_route=\/wp\/v2\/product\/9063\/revisions\/9316"}],"wp:featuredmedia":[{"embeddable":true,"href":"https:\/\/af3ddruk.me\/index.php?rest_route=\/wp\/v2\/media\/9065"}],"wp:attachment":[{"href":"https:\/\/af3ddruk.me\/index.php?rest_route=%2Fwp%2Fv2%2Fmedia&parent=9063"}],"wp:term":[{"taxonomy":"product_brand","embeddable":true,"href":"https:\/\/af3ddruk.me\/index.php?rest_route=%2Fwp%2Fv2%2Fproduct_brand&post=9063"},{"taxonomy":"product_cat","embeddable":true,"href":"https:\/\/af3ddruk.me\/index.php?rest_route=%2Fwp%2Fv2%2Fproduct_cat&post=9063"},{"taxonomy":"product_tag","embeddable":true,"href":"https:\/\/af3ddruk.me\/index.php?rest_route=%2Fwp%2Fv2%2Fproduct_tag&post=9063"}],"curies":[{"name":"wp","href":"https:\/\/api.w.org\/{rel}","templated":true}]}}