{"id":8942,"date":"2026-04-04T14:57:36","date_gmt":"2026-04-04T13:57:36","guid":{"rendered":"https:\/\/af3ddruk.me\/?post_type=product&#038;p=8942"},"modified":"2026-04-07T20:10:18","modified_gmt":"2026-04-07T19:10:18","slug":"8942","status":"publish","type":"product","link":"https:\/\/af3ddruk.me\/?product=8942","title":{"rendered":"\ud83c\udffa Wazon Forma \u2013 minimalistyczna elegancja"},"content":{"rendered":"<p><a href=\"https:\/\/af3ddruk.me\/wp-content\/uploads\/2026\/04\/Nowoczesna-zielona-waza-minimalistyczna.png\"><img fetchpriority=\"high\" decoding=\"async\" class=\"size-medium wp-image-8963 aligncenter\" src=\"https:\/\/af3ddruk.me\/wp-content\/uploads\/2026\/04\/Nowoczesna-zielona-waza-minimalistyczna-200x300.png\" alt=\"\" width=\"200\" height=\"300\" srcset=\"https:\/\/af3ddruk.me\/wp-content\/uploads\/2026\/04\/Nowoczesna-zielona-waza-minimalistyczna-200x300.png 200w, https:\/\/af3ddruk.me\/wp-content\/uploads\/2026\/04\/Nowoczesna-zielona-waza-minimalistyczna-683x1024.png 683w, https:\/\/af3ddruk.me\/wp-content\/uploads\/2026\/04\/Nowoczesna-zielona-waza-minimalistyczna-768x1152.png 768w, https:\/\/af3ddruk.me\/wp-content\/uploads\/2026\/04\/Nowoczesna-zielona-waza-minimalistyczna-600x900.png 600w, https:\/\/af3ddruk.me\/wp-content\/uploads\/2026\/04\/Nowoczesna-zielona-waza-minimalistyczna.png 1024w\" sizes=\"(max-width: 200px) 100vw, 200px\" \/><\/a><\/p>\n<h3 style=\"text-align: center;\" data-section-id=\"1hilcog\" data-start=\"44\" data-end=\"93\">\ud83c\udffa Wazon Forma \u2013 minimalistyczna elegancja<\/h3>\n<p style=\"text-align: center;\" data-start=\"302\" data-end=\"365\">Idealny jako dekoracja samodzielna lub w po\u0142\u0105czeniu z kwiatami.<\/p>\n<hr data-start=\"367\" data-end=\"370\" \/>\n<h3 style=\"text-align: center;\" data-section-id=\"1e78l6z\" data-start=\"372\" data-end=\"398\">\u2728 Najwa\u017cniejsze cechy<\/h3>\n<ul style=\"text-align: center;\" data-start=\"399\" data-end=\"537\">\n<li data-section-id=\"sdzvsx\" data-start=\"399\" data-end=\"432\">unikalny, geometryczny design<\/li>\n<li data-section-id=\"44rdaa\" data-start=\"433\" data-end=\"465\">nowoczesna i elegancka forma<\/li>\n<li data-section-id=\"122nret\" data-start=\"466\" data-end=\"512\">lekka, a jednocze\u015bnie stabilna konstrukcja<\/li>\n<li data-section-id=\"a60z9k\" data-start=\"513\" data-end=\"537\">staranne wyko\u0144czenie<\/li>\n<\/ul>\n<hr data-start=\"539\" data-end=\"542\" \/>\n<h3 style=\"text-align: center;\" data-section-id=\"19xcqzn\" data-start=\"544\" data-end=\"564\">\ud83c\udf38 Zastosowanie<\/h3>\n<ul style=\"text-align: center;\" data-start=\"565\" data-end=\"744\">\n<li data-section-id=\"ja362n\" data-start=\"565\" data-end=\"602\">do kwiat\u00f3w sztucznych i suszonych<\/li>\n<li data-section-id=\"85boap\" data-start=\"603\" data-end=\"649\">jako dekoracja na biurko, p\u00f3\u0142k\u0119 lub komod\u0119<\/li>\n<li data-section-id=\"1j8jb0h\" data-start=\"650\" data-end=\"691\">element nowoczesnych aran\u017cacji wn\u0119trz<\/li>\n<li data-section-id=\"19reyxx\" data-start=\"692\" data-end=\"744\">stylowy dodatek do minimalistycznych przestrzeni<\/li>\n<\/ul>\n<hr data-start=\"746\" data-end=\"749\" \/>\n<h3 style=\"text-align: center;\" data-section-id=\"1njyryv\" data-start=\"751\" data-end=\"778\">\ud83c\uddf5\ud83c\uddf1 Polska produkcja<\/h3>\n<p style=\"text-align: center;\" data-start=\"779\" data-end=\"842\">Projekt i wykonanie w Polsce \u2013 od pomys\u0142u a\u017c po gotowy produkt.<\/p>\n<hr data-start=\"844\" data-end=\"847\" \/>\n<h3 style=\"text-align: center;\" data-section-id=\"18dpwal\" data-start=\"849\" data-end=\"862\">\ud83c\udfa8 Kolory<\/h3>\n<p style=\"text-align: center;\" data-start=\"863\" data-end=\"936\">Dost\u0119pne R\u00f3\u017cne kolory<\/p>\n<hr data-start=\"938\" data-end=\"941\" \/>\n<h3 style=\"text-align: center;\" data-section-id=\"hwwfs4\" data-start=\"943\" data-end=\"970\">\ud83c\udf81 Idealny na prezent<\/h3>\n<p style=\"text-align: center;\" data-start=\"971\" data-end=\"1046\">Prosty, elegancki i praktyczny dodatek, kt\u00f3ry sprawdzi si\u0119 na ka\u017cd\u0105 okazj\u0119.<\/p>\n<p style=\"text-align: center;\" data-start=\"971\" data-end=\"1046\"><strong>Wymiary 15 cm 13 cm 18 cm\u00a0<\/strong><\/p>\n","protected":false},"excerpt":{"rendered":"<p style=\"text-align: center;\">Nowoczesny wazon o geometrycznej, subtelnie zaokr\u0105glonej formie, kt\u00f3ry \u0142\u0105czy prostot\u0119 z wyrazistym charakterem. Delikatne kraw\u0119dzie i harmonijny kszta\u0142t sprawiaj\u0105, \u017ce doskonale wpisuje si\u0119 w ka\u017cde wn\u0119trze.<\/p>\n","protected":false},"featured_media":8963,"template":"","meta":{"site-sidebar-layout":"default","site-content-layout":"","ast-site-content-layout":"default","site-content-style":"default","site-sidebar-style":"default","ast-global-header-display":"","ast-banner-title-visibility":"","ast-main-header-display":"","ast-hfb-above-header-display":"","ast-hfb-below-header-display":"","ast-hfb-mobile-header-display":"","site-post-title":"","ast-breadcrumbs-content":"","ast-featured-img":"","footer-sml-layout":"","ast-disable-related-posts":"","theme-transparent-header-meta":"default","adv-header-id-meta":"","stick-header-meta":"","header-above-stick-meta":"","header-main-stick-meta":"","header-below-stick-meta":"","astra-migrate-meta-layouts":"set","ast-page-background-enabled":"default","ast-page-background-meta":{"desktop":{"background-color":"","background-image":"","background-repeat":"repeat","background-position":"center center","background-size":"auto","background-attachment":"scroll","background-type":"","background-media":"","overlay-type":"","overlay-color":"","overlay-opacity":"","overlay-gradient":""},"tablet":{"background-color":"","background-image":"","background-repeat":"repeat","background-position":"center center","background-size":"auto","background-attachment":"scroll","background-type":"","background-media":"","overlay-type":"","overlay-color":"","overlay-opacity":"","overlay-gradient":""},"mobile":{"background-color":"","background-image":"","background-repeat":"repeat","background-position":"center center","background-size":"auto","background-attachment":"scroll","background-type":"","background-media":"","overlay-type":"","overlay-color":"","overlay-opacity":"","overlay-gradient":""}},"ast-content-background-meta":{"desktop":{"background-color":"var(--ast-global-color-5)","background-image":"","background-repeat":"repeat","background-position":"center center","background-size":"auto","background-attachment":"scroll","background-type":"","background-media":"","overlay-type":"","overlay-color":"","overlay-opacity":"","overlay-gradient":""},"tablet":{"background-color":"var(--ast-global-color-5)","background-image":"","background-repeat":"repeat","background-position":"center center","background-size":"auto","background-attachment":"scroll","background-type":"","background-media":"","overlay-type":"","overlay-color":"","overlay-opacity":"","overlay-gradient":""},"mobile":{"background-color":"var(--ast-global-color-5)","background-image":"","background-repeat":"repeat","background-position":"center center","background-size":"auto","background-attachment":"scroll","background-type":"","background-media":"","overlay-type":"","overlay-color":"","overlay-opacity":"","overlay-gradient":""}}},"product_brand":[],"product_cat":[60],"product_tag":[],"class_list":{"0":"post-8942","1":"product","2":"type-product","3":"status-publish","4":"has-post-thumbnail","6":"product_cat-wazony","7":"product_shipping_class-srednie-paczki","8":"pa_kolor-bialy","9":"pa_kolor-brazowy","10":"pa_kolor-czarny","11":"pa_kolor-czerwony","12":"pa_kolor-fioletowy","13":"pa_kolor-niebieski","14":"pa_kolor-pomaranczowy","15":"pa_kolor-rozowy","16":"pa_kolor-szary","17":"pa_kolor-zielony","18":"pa_kolor-zolty","19":"desktop-align-center","20":"tablet-align-left","21":"mobile-align-center","23":"first","24":"instock","25":"featured","26":"shipping-taxable","27":"purchasable","28":"product-type-variable","29":"has-default-attributes"},"_links":{"self":[{"href":"https:\/\/af3ddruk.me\/index.php?rest_route=\/wp\/v2\/product\/8942","targetHints":{"allow":["GET"]}}],"collection":[{"href":"https:\/\/af3ddruk.me\/index.php?rest_route=\/wp\/v2\/product"}],"about":[{"href":"https:\/\/af3ddruk.me\/index.php?rest_route=\/wp\/v2\/types\/product"}],"version-history":[{"count":4,"href":"https:\/\/af3ddruk.me\/index.php?rest_route=\/wp\/v2\/product\/8942\/revisions"}],"predecessor-version":[{"id":9175,"href":"https:\/\/af3ddruk.me\/index.php?rest_route=\/wp\/v2\/product\/8942\/revisions\/9175"}],"wp:featuredmedia":[{"embeddable":true,"href":"https:\/\/af3ddruk.me\/index.php?rest_route=\/wp\/v2\/media\/8963"}],"wp:attachment":[{"href":"https:\/\/af3ddruk.me\/index.php?rest_route=%2Fwp%2Fv2%2Fmedia&parent=8942"}],"wp:term":[{"taxonomy":"product_brand","embeddable":true,"href":"https:\/\/af3ddruk.me\/index.php?rest_route=%2Fwp%2Fv2%2Fproduct_brand&post=8942"},{"taxonomy":"product_cat","embeddable":true,"href":"https:\/\/af3ddruk.me\/index.php?rest_route=%2Fwp%2Fv2%2Fproduct_cat&post=8942"},{"taxonomy":"product_tag","embeddable":true,"href":"https:\/\/af3ddruk.me\/index.php?rest_route=%2Fwp%2Fv2%2Fproduct_tag&post=8942"}],"curies":[{"name":"wp","href":"https:\/\/api.w.org\/{rel}","templated":true}]}}