{"id":8894,"date":"2026-04-04T12:35:32","date_gmt":"2026-04-04T11:35:32","guid":{"rendered":"https:\/\/af3ddruk.me\/?post_type=product&#038;p=8894"},"modified":"2026-04-06T17:59:13","modified_gmt":"2026-04-06T16:59:13","slug":"%f0%9f%8c%b1doniczka-twist","status":"publish","type":"product","link":"https:\/\/af3ddruk.me\/?product=%f0%9f%8c%b1doniczka-twist","title":{"rendered":"\ud83c\udf31Doniczka Twist\u00a0"},"content":{"rendered":"<h3 data-section-id=\"1ntm4qc\" data-start=\"58\" data-end=\"101\"><a href=\"https:\/\/af3ddruk.me\/wp-content\/uploads\/2026\/04\/ChatGPT-Image-4-kwi-2026-13_19_54.png\"><img fetchpriority=\"high\" decoding=\"async\" class=\"size-medium wp-image-8903 aligncenter\" src=\"https:\/\/af3ddruk.me\/wp-content\/uploads\/2026\/04\/ChatGPT-Image-4-kwi-2026-13_19_54-200x300.png\" alt=\"\" width=\"200\" height=\"300\" srcset=\"https:\/\/af3ddruk.me\/wp-content\/uploads\/2026\/04\/ChatGPT-Image-4-kwi-2026-13_19_54-200x300.png 200w, https:\/\/af3ddruk.me\/wp-content\/uploads\/2026\/04\/ChatGPT-Image-4-kwi-2026-13_19_54-683x1024.png 683w, https:\/\/af3ddruk.me\/wp-content\/uploads\/2026\/04\/ChatGPT-Image-4-kwi-2026-13_19_54-768x1152.png 768w, https:\/\/af3ddruk.me\/wp-content\/uploads\/2026\/04\/ChatGPT-Image-4-kwi-2026-13_19_54-600x900.png 600w, https:\/\/af3ddruk.me\/wp-content\/uploads\/2026\/04\/ChatGPT-Image-4-kwi-2026-13_19_54.png 1024w\" sizes=\"(max-width: 200px) 100vw, 200px\" \/><\/a><\/h3>\n<h3 style=\"text-align: center;\" data-section-id=\"1ntm4qc\" data-start=\"58\" data-end=\"101\">Doniczka Twist<\/h3>\n<p style=\"text-align: center;\" data-start=\"327\" data-end=\"395\">Idealna zar\u00f3wno jako praktyczna doniczka, jak i element dekoracyjny.<\/p>\n<hr data-start=\"397\" data-end=\"400\" \/>\n<h3 style=\"text-align: center;\" data-section-id=\"1e78l6z\" data-start=\"402\" data-end=\"428\">\u2728 Najwa\u017cniejsze cechy:<\/h3>\n<ul style=\"text-align: center;\" data-start=\"429\" data-end=\"545\">\n<li data-section-id=\"fv7pfj\" data-start=\"429\" data-end=\"460\">nowoczesny, skr\u0119cony design<\/li>\n<li data-section-id=\"z93e7c\" data-start=\"461\" data-end=\"487\">efektowna struktura 3D<\/li>\n<li data-section-id=\"1rjim6m\" data-start=\"488\" data-end=\"520\">lekka i stabilna konstrukcja<\/li>\n<li data-section-id=\"a60z9k\" data-start=\"521\" data-end=\"545\">staranne wyko\u0144czenie<\/li>\n<\/ul>\n<hr data-start=\"547\" data-end=\"550\" \/>\n<h3 style=\"text-align: center;\" data-section-id=\"6hk56n\" data-start=\"552\" data-end=\"574\">\ud83c\udf31 Funkcjonalno\u015b\u0107:<\/h3>\n<ul style=\"text-align: center;\" data-start=\"575\" data-end=\"681\">\n<li data-section-id=\"1gny4zw\" data-start=\"575\" data-end=\"619\">przystosowana do codziennego u\u017cytkowania<\/li>\n<li data-section-id=\"xgdx82\" data-start=\"620\" data-end=\"652\">mo\u017cliwo\u015b\u0107 u\u017cycia z podstawk\u0105<\/li>\n<li data-section-id=\"j0mbbs\" data-start=\"653\" data-end=\"681\">idealna do ma\u0142ych ro\u015blin<\/li>\n<\/ul>\n<hr data-start=\"683\" data-end=\"686\" \/>\n<h3 style=\"text-align: center;\" data-section-id=\"1hf531\" data-start=\"78\" data-end=\"114\">\ud83c\udfe1 Gdzie sprawdzi si\u0119 najlepiej:<\/h3>\n<ul style=\"text-align: center;\">\n<li style=\"list-style-type: none;\">\n<ul data-start=\"115\" data-end=\"326\">\n<li style=\"text-align: center;\" data-section-id=\"treshi\" data-start=\"115\" data-end=\"153\">jako dekoracja na biurko lub p\u00f3\u0142k\u0119<\/li>\n<li style=\"text-align: center;\" data-section-id=\"12q20ao\" data-start=\"154\" data-end=\"193\">do aran\u017cacji wn\u0119trz w domu i biurze<\/li>\n<li style=\"text-align: center;\" data-section-id=\"5zmbex\" data-start=\"194\" data-end=\"234\">jako stylowa os\u0142onka na ma\u0142e ro\u015bliny<\/li>\n<li style=\"text-align: center;\" data-section-id=\"1ywc73s\" data-start=\"235\" data-end=\"281\">element nowoczesnych kompozycji ro\u015blinnych<\/li>\n<li style=\"text-align: center;\" data-section-id=\"v53v92\" data-start=\"282\" data-end=\"326\">dodatek do minimalistycznych przestrzeni<\/li>\n<\/ul>\n<\/li>\n<\/ul>\n<p style=\"text-align: center;\" data-start=\"795\" data-end=\"815\">\u00a0 \u00a0 \u00a0 \ud83d\udc49 pasuje do wn\u0119trz<\/p>\n<ul style=\"text-align: center;\" data-start=\"816\" data-end=\"873\">\n<li data-section-id=\"34waea\" data-start=\"816\" data-end=\"832\">nowoczesnych<\/li>\n<li data-section-id=\"1ru3v4p\" data-start=\"833\" data-end=\"854\">minimalistycznych<\/li>\n<li data-section-id=\"1b3xgjk\" data-start=\"855\" data-end=\"873\">skandynawskich<\/li>\n<\/ul>\n<hr data-start=\"875\" data-end=\"878\" \/>\n<ul>\n<li style=\"text-align: center;\" data-start=\"301\" data-end=\"347\">\ud83d\udca7 <strong data-start=\"304\" data-end=\"339\">Posiada otwory drena\u017cowe w dnie<\/strong><\/li>\n<li style=\"text-align: center;\" data-section-id=\"1j3yslt\" data-start=\"348\" data-end=\"377\">odprowadzaj\u0105 nadmiar wody<\/li>\n<li style=\"text-align: center;\" data-section-id=\"sa3xq\" data-start=\"378\" data-end=\"414\">chroni\u0105 ro\u015bliny przed przelaniem<\/li>\n<li style=\"text-align: center;\" data-section-id=\"16nbmrv\" data-start=\"415\" data-end=\"453\">wspieraj\u0105 zdrowy rozw\u00f3j korzeni \ud83c\udf31<\/li>\n<li style=\"text-align: center;\" data-section-id=\"1njyryv\" data-start=\"880\" data-end=\"907\"><strong>Wymiary 13 cm x 13 cm x 13 cm<\/strong><\/li>\n<li style=\"text-align: center;\" data-section-id=\"1njyryv\" data-start=\"880\" data-end=\"907\">\ud83c\uddf5\ud83c\uddf1 Polska produkcja<\/li>\n<li style=\"text-align: center;\" data-section-id=\"1njyryv\" data-start=\"880\" data-end=\"907\">Projekt i wykonanie w Polsce \u2013 od pomys\u0142u a\u017c po gotowy produkt.<\/li>\n<\/ul>\n","protected":false},"excerpt":{"rendered":"<p style=\"text-align: center;\">Stylowa doniczka o unikalnej, skr\u0119conej strukturze 3D, kt\u00f3ra przyci\u0105ga wzrok i nadaje wn\u0119trzu nowoczesnego charakteru. Delikatne, spiralne linie tworz\u0105 efekt g\u0142\u0119bi i sprawiaj\u0105, \u017ce produkt wygl\u0105da wyj\u0105tkowo z ka\u017cdej strony.<\/p>\n","protected":false},"featured_media":8903,"template":"","meta":{"site-sidebar-layout":"default","site-content-layout":"","ast-site-content-layout":"default","site-content-style":"default","site-sidebar-style":"default","ast-global-header-display":"","ast-banner-title-visibility":"","ast-main-header-display":"","ast-hfb-above-header-display":"","ast-hfb-below-header-display":"","ast-hfb-mobile-header-display":"","site-post-title":"","ast-breadcrumbs-content":"","ast-featured-img":"","footer-sml-layout":"","ast-disable-related-posts":"","theme-transparent-header-meta":"default","adv-header-id-meta":"","stick-header-meta":"","header-above-stick-meta":"","header-main-stick-meta":"","header-below-stick-meta":"","astra-migrate-meta-layouts":"set","ast-page-background-enabled":"default","ast-page-background-meta":{"desktop":{"background-color":"","background-image":"","background-repeat":"repeat","background-position":"center center","background-size":"auto","background-attachment":"scroll","background-type":"","background-media":"","overlay-type":"","overlay-color":"","overlay-opacity":"","overlay-gradient":""},"tablet":{"background-color":"","background-image":"","background-repeat":"repeat","background-position":"center center","background-size":"auto","background-attachment":"scroll","background-type":"","background-media":"","overlay-type":"","overlay-color":"","overlay-opacity":"","overlay-gradient":""},"mobile":{"background-color":"","background-image":"","background-repeat":"repeat","background-position":"center center","background-size":"auto","background-attachment":"scroll","background-type":"","background-media":"","overlay-type":"","overlay-color":"","overlay-opacity":"","overlay-gradient":""}},"ast-content-background-meta":{"desktop":{"background-color":"var(--ast-global-color-5)","background-image":"","background-repeat":"repeat","background-position":"center center","background-size":"auto","background-attachment":"scroll","background-type":"","background-media":"","overlay-type":"","overlay-color":"","overlay-opacity":"","overlay-gradient":""},"tablet":{"background-color":"var(--ast-global-color-5)","background-image":"","background-repeat":"repeat","background-position":"center center","background-size":"auto","background-attachment":"scroll","background-type":"","background-media":"","overlay-type":"","overlay-color":"","overlay-opacity":"","overlay-gradient":""},"mobile":{"background-color":"var(--ast-global-color-5)","background-image":"","background-repeat":"repeat","background-position":"center center","background-size":"auto","background-attachment":"scroll","background-type":"","background-media":"","overlay-type":"","overlay-color":"","overlay-opacity":"","overlay-gradient":""}}},"product_brand":[],"product_cat":[37,167],"product_tag":[],"class_list":{"0":"post-8894","1":"product","2":"type-product","3":"status-publish","4":"has-post-thumbnail","6":"product_cat-dla-domu","7":"product_cat-doniczki","8":"product_shipping_class-srednie-paczki","9":"pa_kolor-bialy","10":"pa_kolor-brazowy","11":"pa_kolor-czarny","12":"pa_kolor-czerwony","13":"pa_kolor-fioletowy","14":"pa_kolor-niebieski","15":"pa_kolor-pomaranczowy","16":"pa_kolor-rozowy","17":"pa_kolor-szary","18":"pa_kolor-zielony","19":"pa_kolor-zolty","20":"desktop-align-center","21":"tablet-align-left","22":"mobile-align-center","24":"first","25":"instock","26":"featured","27":"shipping-taxable","28":"purchasable","29":"product-type-variable"},"_links":{"self":[{"href":"https:\/\/af3ddruk.me\/index.php?rest_route=\/wp\/v2\/product\/8894","targetHints":{"allow":["GET"]}}],"collection":[{"href":"https:\/\/af3ddruk.me\/index.php?rest_route=\/wp\/v2\/product"}],"about":[{"href":"https:\/\/af3ddruk.me\/index.php?rest_route=\/wp\/v2\/types\/product"}],"version-history":[{"count":9,"href":"https:\/\/af3ddruk.me\/index.php?rest_route=\/wp\/v2\/product\/8894\/revisions"}],"predecessor-version":[{"id":9164,"href":"https:\/\/af3ddruk.me\/index.php?rest_route=\/wp\/v2\/product\/8894\/revisions\/9164"}],"wp:featuredmedia":[{"embeddable":true,"href":"https:\/\/af3ddruk.me\/index.php?rest_route=\/wp\/v2\/media\/8903"}],"wp:attachment":[{"href":"https:\/\/af3ddruk.me\/index.php?rest_route=%2Fwp%2Fv2%2Fmedia&parent=8894"}],"wp:term":[{"taxonomy":"product_brand","embeddable":true,"href":"https:\/\/af3ddruk.me\/index.php?rest_route=%2Fwp%2Fv2%2Fproduct_brand&post=8894"},{"taxonomy":"product_cat","embeddable":true,"href":"https:\/\/af3ddruk.me\/index.php?rest_route=%2Fwp%2Fv2%2Fproduct_cat&post=8894"},{"taxonomy":"product_tag","embeddable":true,"href":"https:\/\/af3ddruk.me\/index.php?rest_route=%2Fwp%2Fv2%2Fproduct_tag&post=8894"}],"curies":[{"name":"wp","href":"https:\/\/api.w.org\/{rel}","templated":true}]}}