{"id":8818,"date":"2026-04-04T07:36:07","date_gmt":"2026-04-04T06:36:07","guid":{"rendered":"https:\/\/af3ddruk.me\/?post_type=product&#038;p=8818"},"modified":"2026-04-06T17:59:51","modified_gmt":"2026-04-06T16:59:51","slug":"%f0%9f%92%8e-wazon-prizma-nowoczesny-design-3d","status":"publish","type":"product","link":"https:\/\/af3ddruk.me\/?product=%f0%9f%92%8e-wazon-prizma-nowoczesny-design-3d","title":{"rendered":"\ud83c\udf3fDoniczka Prizma"},"content":{"rendered":"<h3 data-section-id=\"1g1fwh9\" data-start=\"69\" data-end=\"113\"><a href=\"https:\/\/af3ddruk.me\/wp-content\/uploads\/2026\/04\/ChatGPT-Image-3-kwi-2026-18_45_26.png\"><img fetchpriority=\"high\" decoding=\"async\" class=\"size-medium wp-image-8819 aligncenter\" src=\"https:\/\/af3ddruk.me\/wp-content\/uploads\/2026\/04\/ChatGPT-Image-3-kwi-2026-18_45_26-200x300.png\" alt=\"Doniczka pomaranczowa\" width=\"200\" height=\"300\" srcset=\"https:\/\/af3ddruk.me\/wp-content\/uploads\/2026\/04\/ChatGPT-Image-3-kwi-2026-18_45_26-200x300.png 200w, https:\/\/af3ddruk.me\/wp-content\/uploads\/2026\/04\/ChatGPT-Image-3-kwi-2026-18_45_26-683x1024.png 683w, https:\/\/af3ddruk.me\/wp-content\/uploads\/2026\/04\/ChatGPT-Image-3-kwi-2026-18_45_26-768x1152.png 768w, https:\/\/af3ddruk.me\/wp-content\/uploads\/2026\/04\/ChatGPT-Image-3-kwi-2026-18_45_26-600x900.png 600w, https:\/\/af3ddruk.me\/wp-content\/uploads\/2026\/04\/ChatGPT-Image-3-kwi-2026-18_45_26.png 1024w\" sizes=\"(max-width: 200px) 100vw, 200px\" \/><\/a><\/h3>\n<h3 data-section-id=\"1g1fwh9\" data-start=\"69\" data-end=\"113\"><\/h3>\n<h3 style=\"text-align: center;\" data-section-id=\"1g1fwh9\" data-start=\"69\" data-end=\"113\">\u00a0\ud83c\udf3f Doniczka Prizma<\/h3>\n<p style=\"text-align: center;\" data-start=\"329\" data-end=\"412\">Doskonale sprawdzi si\u0119 jako dekoracja oraz praktyczne rozwi\u0105zanie do uprawy ro\u015blin.<\/p>\n<hr data-start=\"414\" data-end=\"417\" \/>\n<h3 style=\"text-align: center;\" data-section-id=\"1e78l6z\" data-start=\"419\" data-end=\"445\">\u2728 Najwa\u017cniejsze cechy<\/h3>\n<ul style=\"text-align: center;\" data-start=\"446\" data-end=\"605\">\n<li data-section-id=\"653rcm\" data-start=\"446\" data-end=\"479\">nowoczesna, designerska forma<\/li>\n<li data-section-id=\"z9dibw\" data-start=\"480\" data-end=\"515\">efektowna struktura (siatka)<\/li>\n<li data-section-id=\"1rjim6m\" data-start=\"516\" data-end=\"548\">lekka i stabilna konstrukcja<\/li>\n<li data-section-id=\"a0ftcv\" data-start=\"549\" data-end=\"571\">staranne wykonanie<\/li>\n<li data-section-id=\"18bjm37\" data-start=\"572\" data-end=\"605\">pasuje do wielu styl\u00f3w wn\u0119trz<\/li>\n<\/ul>\n<hr data-start=\"607\" data-end=\"610\" \/>\n<h3 style=\"text-align: center;\" data-section-id=\"1x2p9ph\" data-start=\"612\" data-end=\"633\">\ud83c\udf31 Funkcjonalno\u015b\u0107<\/h3>\n<p style=\"text-align: center;\" data-start=\"634\" data-end=\"745\">Doniczka zosta\u0142a zaprojektowana z my\u015bl\u0105 o codziennym u\u017cytkowaniu.<br data-start=\"699\" data-end=\"702\" \/><strong data-start=\"702\" data-end=\"737\">Posiada otwory drena\u017cowe w dnie<\/strong>, kt\u00f3re:<\/p>\n<ul style=\"text-align: center;\" data-start=\"746\" data-end=\"848\">\n<li data-section-id=\"1j3yslt\" data-start=\"746\" data-end=\"775\">odprowadzaj\u0105 nadmiar wody<\/li>\n<li data-section-id=\"sa3xq\" data-start=\"776\" data-end=\"812\">chroni\u0105 ro\u015bliny przed przelaniem<\/li>\n<li data-section-id=\"1649heu\" data-start=\"813\" data-end=\"848\">wspieraj\u0105 zdrowy rozw\u00f3j korzeni<\/li>\n<\/ul>\n<p style=\"text-align: center;\" data-start=\"850\" data-end=\"907\">Mo\u017ce by\u0107 u\u017cywana samodzielnie lub w zestawie z podstawk\u0105.<\/p>\n<hr data-start=\"909\" data-end=\"912\" \/>\n<h3 style=\"text-align: center;\" data-section-id=\"1pcl44g\" data-start=\"1078\" data-end=\"1096\">\ud83c\udfe1 Idealna do:<\/h3>\n<ul style=\"text-align: center;\" data-start=\"1097\" data-end=\"1155\">\n<li data-section-id=\"hzhb47\" data-start=\"1097\" data-end=\"1111\">sukulent\u00f3w<\/li>\n<li data-section-id=\"16stptr\" data-start=\"1112\" data-end=\"1124\">kaktus\u00f3w<\/li>\n<li data-section-id=\"1njlvgt\" data-start=\"1125\" data-end=\"1155\">ma\u0142ych ro\u015blin doniczkowych<\/li>\n<\/ul>\n<hr data-start=\"1157\" data-end=\"1160\" \/>\n<h3 style=\"text-align: center;\" data-section-id=\"9ptz6l\" data-start=\"1162\" data-end=\"1193\">\ud83c\udfa8 Warianty kolorystyczne<\/h3>\n<p style=\"text-align: center;\" data-start=\"1194\" data-end=\"1277\">Dost\u0119pna w wielu kolorach \u2014 dopasuj j\u0105 do swojego wn\u0119trza lub stw\u00f3rz w\u0142asny zestaw.<\/p>\n<hr data-start=\"1279\" data-end=\"1282\" \/>\n<h3 style=\"text-align: center;\" data-section-id=\"1dj7u2k\" data-start=\"1284\" data-end=\"1311\">\ud83c\udf81 Idealna na prezent<\/h3>\n<p style=\"text-align: center;\" data-start=\"1312\" data-end=\"1373\">Praktyczny i estetyczny dodatek dla ka\u017cdego mi\u0142o\u015bnika ro\u015blin.<\/p>\n<h6 style=\"text-align: center;\" data-section-id=\"1njyryv\" data-start=\"914\" data-end=\"941\"><strong>Wymiary 13cmX13cmX13cm<\/strong><\/h6>\n<h3 data-section-id=\"1njyryv\" data-start=\"914\" data-end=\"941\"><\/h3>\n<h3 style=\"text-align: center;\" data-section-id=\"1njyryv\" data-start=\"914\" data-end=\"941\">\ud83c\uddf5\ud83c\uddf1 Polska produkcja<\/h3>\n<p style=\"text-align: center;\" data-start=\"942\" data-end=\"1071\">Projekt i wykonanie realizowane w Polsce, z dba\u0142o\u015bci\u0105 o ka\u017cdy detal. Lokalna produkcja to gwarancja jako\u015bci i precyzji wykonania.<\/p>\n<p style=\"text-align: center;\" data-start=\"942\" data-end=\"1071\">\n","protected":false},"excerpt":{"rendered":"<p style=\"text-align: center;\">Stylowa doniczka o unikalnej, skr\u0119conej strukturze to idealne po\u0142\u0105czenie nowoczesnego designu i funkcjonalno\u015bci. Jej charakterystyczna, siatkowa faktura przyci\u0105ga wzrok i nadaje wn\u0119trzu wyj\u0105tkowego charakteru.<\/p>\n","protected":false},"featured_media":8819,"template":"","meta":{"site-sidebar-layout":"default","site-content-layout":"","ast-site-content-layout":"default","site-content-style":"default","site-sidebar-style":"default","ast-global-header-display":"","ast-banner-title-visibility":"","ast-main-header-display":"","ast-hfb-above-header-display":"","ast-hfb-below-header-display":"","ast-hfb-mobile-header-display":"","site-post-title":"","ast-breadcrumbs-content":"","ast-featured-img":"","footer-sml-layout":"","ast-disable-related-posts":"","theme-transparent-header-meta":"default","adv-header-id-meta":"","stick-header-meta":"","header-above-stick-meta":"","header-main-stick-meta":"","header-below-stick-meta":"","astra-migrate-meta-layouts":"set","ast-page-background-enabled":"default","ast-page-background-meta":{"desktop":{"background-color":"","background-image":"","background-repeat":"repeat","background-position":"center center","background-size":"auto","background-attachment":"scroll","background-type":"","background-media":"","overlay-type":"","overlay-color":"","overlay-opacity":"","overlay-gradient":""},"tablet":{"background-color":"","background-image":"","background-repeat":"repeat","background-position":"center center","background-size":"auto","background-attachment":"scroll","background-type":"","background-media":"","overlay-type":"","overlay-color":"","overlay-opacity":"","overlay-gradient":""},"mobile":{"background-color":"","background-image":"","background-repeat":"repeat","background-position":"center center","background-size":"auto","background-attachment":"scroll","background-type":"","background-media":"","overlay-type":"","overlay-color":"","overlay-opacity":"","overlay-gradient":""}},"ast-content-background-meta":{"desktop":{"background-color":"var(--ast-global-color-5)","background-image":"","background-repeat":"repeat","background-position":"center center","background-size":"auto","background-attachment":"scroll","background-type":"","background-media":"","overlay-type":"","overlay-color":"","overlay-opacity":"","overlay-gradient":""},"tablet":{"background-color":"var(--ast-global-color-5)","background-image":"","background-repeat":"repeat","background-position":"center center","background-size":"auto","background-attachment":"scroll","background-type":"","background-media":"","overlay-type":"","overlay-color":"","overlay-opacity":"","overlay-gradient":""},"mobile":{"background-color":"var(--ast-global-color-5)","background-image":"","background-repeat":"repeat","background-position":"center center","background-size":"auto","background-attachment":"scroll","background-type":"","background-media":"","overlay-type":"","overlay-color":"","overlay-opacity":"","overlay-gradient":""}}},"product_brand":[],"product_cat":[37,167],"product_tag":[],"class_list":{"0":"post-8818","1":"product","2":"type-product","3":"status-publish","4":"has-post-thumbnail","6":"product_cat-dla-domu","7":"product_cat-doniczki","8":"pa_kolor-bialy","9":"pa_kolor-brazowy","10":"pa_kolor-czarny","11":"pa_kolor-czerwony","12":"pa_kolor-fioletowy","13":"pa_kolor-niebieski","14":"pa_kolor-pomaranczowy","15":"pa_kolor-rozowy","16":"pa_kolor-szary","17":"pa_kolor-zielony","18":"pa_kolor-zolty","19":"desktop-align-center","20":"tablet-align-left","21":"mobile-align-center","23":"first","24":"instock","25":"featured","26":"shipping-taxable","27":"purchasable","28":"product-type-variable","29":"has-default-attributes"},"_links":{"self":[{"href":"https:\/\/af3ddruk.me\/index.php?rest_route=\/wp\/v2\/product\/8818","targetHints":{"allow":["GET"]}}],"collection":[{"href":"https:\/\/af3ddruk.me\/index.php?rest_route=\/wp\/v2\/product"}],"about":[{"href":"https:\/\/af3ddruk.me\/index.php?rest_route=\/wp\/v2\/types\/product"}],"version-history":[{"count":13,"href":"https:\/\/af3ddruk.me\/index.php?rest_route=\/wp\/v2\/product\/8818\/revisions"}],"predecessor-version":[{"id":9165,"href":"https:\/\/af3ddruk.me\/index.php?rest_route=\/wp\/v2\/product\/8818\/revisions\/9165"}],"wp:featuredmedia":[{"embeddable":true,"href":"https:\/\/af3ddruk.me\/index.php?rest_route=\/wp\/v2\/media\/8819"}],"wp:attachment":[{"href":"https:\/\/af3ddruk.me\/index.php?rest_route=%2Fwp%2Fv2%2Fmedia&parent=8818"}],"wp:term":[{"taxonomy":"product_brand","embeddable":true,"href":"https:\/\/af3ddruk.me\/index.php?rest_route=%2Fwp%2Fv2%2Fproduct_brand&post=8818"},{"taxonomy":"product_cat","embeddable":true,"href":"https:\/\/af3ddruk.me\/index.php?rest_route=%2Fwp%2Fv2%2Fproduct_cat&post=8818"},{"taxonomy":"product_tag","embeddable":true,"href":"https:\/\/af3ddruk.me\/index.php?rest_route=%2Fwp%2Fv2%2Fproduct_tag&post=8818"}],"curies":[{"name":"wp","href":"https:\/\/api.w.org\/{rel}","templated":true}]}}