{"id":8771,"date":"2026-04-03T09:38:26","date_gmt":"2026-04-03T08:38:26","guid":{"rendered":"https:\/\/af3ddruk.me\/?post_type=product&#038;p=8771"},"modified":"2026-04-04T08:34:38","modified_gmt":"2026-04-04T07:34:38","slug":"%f0%9f%92%8e-doniczka-varo-nowoczesny-design","status":"publish","type":"product","link":"https:\/\/af3ddruk.me\/?product=%f0%9f%92%8e-doniczka-varo-nowoczesny-design","title":{"rendered":"\ud83d\udc8e Doniczka Varo \u2013 nowoczesny design\u00a0"},"content":{"rendered":"<h3 data-section-id=\"vh21h3\" data-start=\"84\" data-end=\"127\"><a href=\"https:\/\/af3ddruk.me\/wp-content\/uploads\/2026\/04\/ChatGPT-Image-3-kwi-2026-09_43_19.png\"><img fetchpriority=\"high\" decoding=\"async\" class=\"size-medium wp-image-8774 aligncenter\" src=\"https:\/\/af3ddruk.me\/wp-content\/uploads\/2026\/04\/ChatGPT-Image-3-kwi-2026-09_43_19-200x300.png\" alt=\"doniczka fajna z\u00f3\u0142ta\" width=\"200\" height=\"300\" srcset=\"https:\/\/af3ddruk.me\/wp-content\/uploads\/2026\/04\/ChatGPT-Image-3-kwi-2026-09_43_19-200x300.png 200w, https:\/\/af3ddruk.me\/wp-content\/uploads\/2026\/04\/ChatGPT-Image-3-kwi-2026-09_43_19-683x1024.png 683w, https:\/\/af3ddruk.me\/wp-content\/uploads\/2026\/04\/ChatGPT-Image-3-kwi-2026-09_43_19-768x1152.png 768w, https:\/\/af3ddruk.me\/wp-content\/uploads\/2026\/04\/ChatGPT-Image-3-kwi-2026-09_43_19-600x900.png 600w, https:\/\/af3ddruk.me\/wp-content\/uploads\/2026\/04\/ChatGPT-Image-3-kwi-2026-09_43_19.png 1024w\" sizes=\"(max-width: 200px) 100vw, 200px\" \/><\/a><\/h3>\n<h3 style=\"text-align: center;\" data-section-id=\"vh21h3\" data-start=\"84\" data-end=\"127\">\ud83d\udc8e Doniczka Varo \u2013 nowoczesny design<\/h3>\n<p style=\"text-align: center;\" data-start=\"363\" data-end=\"449\">\u015awietnie sprawdzi si\u0119 jako dekoracja wn\u0119trza oraz praktyczny element do uprawy ro\u015blin.<\/p>\n<hr data-start=\"451\" data-end=\"454\" \/>\n<h3 style=\"text-align: center;\" data-section-id=\"1e78l6z\" data-start=\"456\" data-end=\"482\">\u2728 Najwa\u017cniejsze cechy:<\/h3>\n<ul style=\"text-align: center;\" data-start=\"483\" data-end=\"643\">\n<li data-section-id=\"653rcm\" data-start=\"483\" data-end=\"516\">nowoczesna, designerska forma<\/li>\n<li data-section-id=\"ymkgot\" data-start=\"517\" data-end=\"540\">unikalny kszta\u0142t<\/li>\n<li data-section-id=\"1br74fi\" data-start=\"541\" data-end=\"573\">stabilna i lekka konstrukcja<\/li>\n<li data-section-id=\"gkk5cw\" data-start=\"574\" data-end=\"601\">wysoka jako\u015b\u0107 wykonania<\/li>\n<li data-section-id=\"mcjxdq\" data-start=\"602\" data-end=\"643\">idealna do ma\u0142ych ro\u015blin i sukulent\u00f3w<\/li>\n<\/ul>\n<hr data-start=\"645\" data-end=\"648\" \/>\n<h3 style=\"text-align: center;\" data-section-id=\"p00n76\" data-start=\"650\" data-end=\"671\">\ud83d\udca7 Funkcjonalno\u015b\u0107<\/h3>\n<p style=\"text-align: center;\" data-start=\"672\" data-end=\"783\">Doniczka zosta\u0142a zaprojektowana z my\u015bl\u0105 o codziennym u\u017cytkowaniu.<br data-start=\"737\" data-end=\"740\" \/><strong data-start=\"740\" data-end=\"775\">Posiada otwory drena\u017cowe w dnie<\/strong>, kt\u00f3re:<\/p>\n<ul style=\"text-align: center;\" data-start=\"784\" data-end=\"893\">\n<li data-section-id=\"12krfzq\" data-start=\"784\" data-end=\"824\">skutecznie odprowadzaj\u0105 nadmiar wody<\/li>\n<li data-section-id=\"1ltzxwk\" data-start=\"825\" data-end=\"857\">zapobiegaj\u0105 przelaniu ro\u015blin<\/li>\n<li data-section-id=\"1649heu\" data-start=\"858\" data-end=\"893\">wspieraj\u0105 zdrowy rozw\u00f3j korzeni<\/li>\n<\/ul>\n<p style=\"text-align: center;\" data-start=\"895\" data-end=\"952\">Mo\u017ce by\u0107 u\u017cywana samodzielnie lub w zestawie z podstawk\u0105.<\/p>\n<hr data-start=\"1136\" data-end=\"1139\" \/>\n<h3 style=\"text-align: center;\" data-section-id=\"re2pbi\" data-start=\"1141\" data-end=\"1165\">\ud83c\udfe1 Pasuje do wn\u0119trz:<\/h3>\n<ul style=\"text-align: center;\" data-start=\"1166\" data-end=\"1232\">\n<li data-section-id=\"34waea\" data-start=\"1166\" data-end=\"1182\">nowoczesnych<\/li>\n<li data-section-id=\"1ru3v4p\" data-start=\"1183\" data-end=\"1204\">minimalistycznych<\/li>\n<li data-section-id=\"3tjlpv\" data-start=\"1205\" data-end=\"1218\">loftowych<\/li>\n<li data-section-id=\"r800fi\" data-start=\"1219\" data-end=\"1232\">biurowych<\/li>\n<\/ul>\n<hr data-start=\"1234\" data-end=\"1237\" \/>\n<h3 style=\"text-align: center;\" data-section-id=\"9ptz6l\" data-start=\"1239\" data-end=\"1270\">\ud83c\udfa8 Warianty kolorystyczne<\/h3>\n<p style=\"text-align: center;\" data-start=\"1271\" data-end=\"1364\">Dost\u0119pna w r\u00f3\u017cnych kolorach, co pozwala \u0142atwo dopasowa\u0107 doniczk\u0119 do wn\u0119trza i w\u0142asnego stylu.<\/p>\n<hr data-start=\"1366\" data-end=\"1369\" \/>\n<h3 style=\"text-align: center;\" data-section-id=\"1dj7u2k\" data-start=\"1371\" data-end=\"1398\">\ud83c\udf81 Idealna na prezent<\/h3>\n<p style=\"text-align: center;\" data-start=\"1399\" data-end=\"1473\">Stylowy i praktyczny dodatek dla mi\u0142o\u015bnik\u00f3w ro\u015blin i nowoczesnego designu.<\/p>\n<h5 style=\"text-align: center;\" data-start=\"1399\" data-end=\"1473\">\ud83c\uddf5\ud83c\uddf1 Produkt tworzony w Polsce<br \/>\nKa\u017cdy produkt jest projektowany i wykonywany lokalnie, z dba\u0142o\u015bci\u0105 o jako\u015b\u0107 i detale. Kupuj\u0105c, wspierasz polsk\u0105 produkcj\u0119.<\/h5>\n<p data-start=\"1399\" data-end=\"1473\">\n<p style=\"text-align: center;\" data-start=\"1399\" data-end=\"1473\"><strong>Wymiary 13cmX13cmX13cm<\/strong><\/p>\n","protected":false},"excerpt":{"rendered":"<p style=\"text-align: center;\">Minimalistyczna doniczka o unikalnej, dynamicznej formie to idealne rozwi\u0105zanie dla os\u00f3b ceni\u0105cych nowoczesny styl i prostot\u0119. Jej charakterystyczny, lekko skr\u0119cony kszta\u0142t przyci\u0105ga uwag\u0119 i wyr\u00f3\u017cnia si\u0119 na tle klasycznych doniczek.<\/p>\n","protected":false},"featured_media":8774,"template":"","meta":{"site-sidebar-layout":"default","site-content-layout":"","ast-site-content-layout":"default","site-content-style":"default","site-sidebar-style":"default","ast-global-header-display":"","ast-banner-title-visibility":"","ast-main-header-display":"","ast-hfb-above-header-display":"","ast-hfb-below-header-display":"","ast-hfb-mobile-header-display":"","site-post-title":"","ast-breadcrumbs-content":"","ast-featured-img":"","footer-sml-layout":"","ast-disable-related-posts":"","theme-transparent-header-meta":"default","adv-header-id-meta":"","stick-header-meta":"","header-above-stick-meta":"","header-main-stick-meta":"","header-below-stick-meta":"","astra-migrate-meta-layouts":"set","ast-page-background-enabled":"default","ast-page-background-meta":{"desktop":{"background-color":"","background-image":"","background-repeat":"repeat","background-position":"center center","background-size":"auto","background-attachment":"scroll","background-type":"","background-media":"","overlay-type":"","overlay-color":"","overlay-opacity":"","overlay-gradient":""},"tablet":{"background-color":"","background-image":"","background-repeat":"repeat","background-position":"center center","background-size":"auto","background-attachment":"scroll","background-type":"","background-media":"","overlay-type":"","overlay-color":"","overlay-opacity":"","overlay-gradient":""},"mobile":{"background-color":"","background-image":"","background-repeat":"repeat","background-position":"center center","background-size":"auto","background-attachment":"scroll","background-type":"","background-media":"","overlay-type":"","overlay-color":"","overlay-opacity":"","overlay-gradient":""}},"ast-content-background-meta":{"desktop":{"background-color":"var(--ast-global-color-5)","background-image":"","background-repeat":"repeat","background-position":"center center","background-size":"auto","background-attachment":"scroll","background-type":"","background-media":"","overlay-type":"","overlay-color":"","overlay-opacity":"","overlay-gradient":""},"tablet":{"background-color":"var(--ast-global-color-5)","background-image":"","background-repeat":"repeat","background-position":"center center","background-size":"auto","background-attachment":"scroll","background-type":"","background-media":"","overlay-type":"","overlay-color":"","overlay-opacity":"","overlay-gradient":""},"mobile":{"background-color":"var(--ast-global-color-5)","background-image":"","background-repeat":"repeat","background-position":"center center","background-size":"auto","background-attachment":"scroll","background-type":"","background-media":"","overlay-type":"","overlay-color":"","overlay-opacity":"","overlay-gradient":""}}},"product_brand":[],"product_cat":[37,167],"product_tag":[],"class_list":{"0":"post-8771","1":"product","2":"type-product","3":"status-publish","4":"has-post-thumbnail","6":"product_cat-dla-domu","7":"product_cat-doniczki","8":"pa_kolor-bialy","9":"pa_kolor-brazowy","10":"pa_kolor-czarny","11":"pa_kolor-czerwony","12":"pa_kolor-fioletowy","13":"pa_kolor-niebieski","14":"pa_kolor-pomaranczowy","15":"pa_kolor-rozowy","16":"pa_kolor-szary","17":"pa_kolor-zielony","18":"pa_kolor-zolty","19":"desktop-align-center","20":"tablet-align-left","21":"mobile-align-center","23":"first","24":"instock","25":"featured","26":"shipping-taxable","27":"purchasable","28":"product-type-variable"},"_links":{"self":[{"href":"https:\/\/af3ddruk.me\/index.php?rest_route=\/wp\/v2\/product\/8771","targetHints":{"allow":["GET"]}}],"collection":[{"href":"https:\/\/af3ddruk.me\/index.php?rest_route=\/wp\/v2\/product"}],"about":[{"href":"https:\/\/af3ddruk.me\/index.php?rest_route=\/wp\/v2\/types\/product"}],"version-history":[{"count":7,"href":"https:\/\/af3ddruk.me\/index.php?rest_route=\/wp\/v2\/product\/8771\/revisions"}],"predecessor-version":[{"id":8799,"href":"https:\/\/af3ddruk.me\/index.php?rest_route=\/wp\/v2\/product\/8771\/revisions\/8799"}],"wp:featuredmedia":[{"embeddable":true,"href":"https:\/\/af3ddruk.me\/index.php?rest_route=\/wp\/v2\/media\/8774"}],"wp:attachment":[{"href":"https:\/\/af3ddruk.me\/index.php?rest_route=%2Fwp%2Fv2%2Fmedia&parent=8771"}],"wp:term":[{"taxonomy":"product_brand","embeddable":true,"href":"https:\/\/af3ddruk.me\/index.php?rest_route=%2Fwp%2Fv2%2Fproduct_brand&post=8771"},{"taxonomy":"product_cat","embeddable":true,"href":"https:\/\/af3ddruk.me\/index.php?rest_route=%2Fwp%2Fv2%2Fproduct_cat&post=8771"},{"taxonomy":"product_tag","embeddable":true,"href":"https:\/\/af3ddruk.me\/index.php?rest_route=%2Fwp%2Fv2%2Fproduct_tag&post=8771"}],"curies":[{"name":"wp","href":"https:\/\/api.w.org\/{rel}","templated":true}]}}