{"id":8706,"date":"2026-04-02T17:41:14","date_gmt":"2026-04-02T16:41:14","guid":{"rendered":"https:\/\/af3ddruk.me\/?post_type=product&#038;p=8706"},"modified":"2026-04-06T18:00:31","modified_gmt":"2026-04-06T17:00:31","slug":"8706","status":"publish","type":"product","link":"https:\/\/af3ddruk.me\/?product=8706","title":{"rendered":"\ud83d\udc9c Doniczka dekoracyjna"},"content":{"rendered":"<h3 style=\"text-align: center;\" data-section-id=\"pe40n\" data-start=\"58\" data-end=\"136\">\ud83c\udf31 Doniczka dekoracyjna<\/h3>\n<h5 data-section-id=\"25x9wb\" data-start=\"55\" data-end=\"106\"><\/h5>\n<h5 style=\"text-align: center;\" data-section-id=\"25x9wb\" data-start=\"55\" data-end=\"106\">Stylowa doniczka o unikalnym, geometrycznym wzorze to doskona\u0142e po\u0142\u0105czenie designu i funkcjonalno\u015bci. Dzi\u0119ki nowoczesnej formie \u015bwietnie prezentuje si\u0119 w ka\u017cdym wn\u0119trzu \u2013 od minimalistycznych po loftowe.<\/h5>\n<hr data-start=\"422\" data-end=\"425\" \/>\n<h3 style=\"text-align: center;\" data-section-id=\"1e78l6z\" data-start=\"427\" data-end=\"453\">\u2728 Najwa\u017cniejsze cechy:<\/h3>\n<ul style=\"text-align: center;\" data-start=\"454\" data-end=\"610\">\n<li data-section-id=\"1d9s92v\" data-start=\"454\" data-end=\"493\">geometryczny, designerski wygl\u0105d 3D<\/li>\n<li data-section-id=\"v3h9f3\" data-start=\"494\" data-end=\"518\">stabilna konstrukcja<\/li>\n<li data-section-id=\"1dyfs2i\" data-start=\"519\" data-end=\"537\">lekka i trwa\u0142a<\/li>\n<li data-section-id=\"j0mbbs\" data-start=\"538\" data-end=\"566\">idealna do ma\u0142ych ro\u015blin<\/li>\n<li data-section-id=\"ow9pu1\" data-start=\"567\" data-end=\"610\">staranne wykonanie z dba\u0142o\u015bci\u0105 o detale<\/li>\n<\/ul>\n<hr data-start=\"612\" data-end=\"615\" \/>\n<h3 style=\"text-align: center;\" data-section-id=\"1cnaos8\" data-start=\"617\" data-end=\"647\">\ud83d\udca7 Funkcjonalno\u015b\u0107 i wygoda<\/h3>\n<p style=\"text-align: center;\" data-start=\"648\" data-end=\"700\">Doniczka posiada <strong data-start=\"665\" data-end=\"692\">otwory drena\u017cowe w dnie<\/strong>, kt\u00f3re:<\/p>\n<ul style=\"text-align: center;\" data-start=\"701\" data-end=\"803\">\n<li data-section-id=\"1j3yslt\" data-start=\"701\" data-end=\"730\">odprowadzaj\u0105 nadmiar wody<\/li>\n<li data-section-id=\"98f7m9\" data-start=\"731\" data-end=\"768\">chroni\u0105 korzenie przed przelaniem<\/li>\n<li data-section-id=\"nund6t\" data-start=\"769\" data-end=\"803\">wspieraj\u0105 zdrowy rozw\u00f3j ro\u015blin<\/li>\n<\/ul>\n<hr data-start=\"902\" data-end=\"905\" \/>\n<h3 style=\"text-align: center;\" data-section-id=\"1b1bxti\" data-start=\"907\" data-end=\"926\">\ud83c\udf35 Idealna dla:<\/h3>\n<ul style=\"text-align: center;\" data-start=\"927\" data-end=\"981\">\n<li data-section-id=\"16stptr\" data-start=\"927\" data-end=\"939\">kaktus\u00f3w<\/li>\n<li data-section-id=\"hzhb47\" data-start=\"940\" data-end=\"954\">sukulent\u00f3w<\/li>\n<li data-section-id=\"jg0m5x\" data-start=\"955\" data-end=\"981\">ma\u0142ych ro\u015blin domowych<\/li>\n<\/ul>\n<hr data-start=\"983\" data-end=\"986\" \/>\n<h3 style=\"text-align: center;\" data-section-id=\"re2pbi\" data-start=\"988\" data-end=\"1012\">\ud83c\udfe1 Pasuje do wn\u0119trz:<\/h3>\n<ul style=\"text-align: center;\" data-start=\"1013\" data-end=\"1084\">\n<li data-section-id=\"34waea\" data-start=\"1013\" data-end=\"1029\">nowoczesnych<\/li>\n<li data-section-id=\"1ru3v4p\" data-start=\"1030\" data-end=\"1051\">minimalistycznych<\/li>\n<li data-section-id=\"1b3xgjk\" data-start=\"1052\" data-end=\"1070\">skandynawskich<\/li>\n<li data-section-id=\"r800fi\" data-start=\"1071\" data-end=\"1084\">biurowych<\/li>\n<\/ul>\n<hr data-start=\"1086\" data-end=\"1089\" \/>\n<h3 style=\"text-align: center;\" data-section-id=\"9ptz6l\" data-start=\"1091\" data-end=\"1122\">\ud83c\udfa8 Warianty kolorystyczne<\/h3>\n<p style=\"text-align: center;\" data-start=\"1123\" data-end=\"1235\">Produkt dost\u0119pny jest w r\u00f3\u017cnych kolorach, co pozwala \u0142atwo dopasowa\u0107 doniczk\u0119 do wn\u0119trza i w\u0142asnych preferencji.<\/p>\n<hr data-start=\"1237\" data-end=\"1240\" \/>\n<h3 style=\"text-align: center;\" data-section-id=\"c2pajy\" data-start=\"1242\" data-end=\"1276\">\ud83c\udf81 \u015awietny pomys\u0142 na prezent<\/h3>\n<p style=\"text-align: center;\" data-start=\"1277\" data-end=\"1330\">Idealna dla mi\u0142o\u015bnik\u00f3w ro\u015blin i nowoczesnego designu.<\/p>\n<p style=\"text-align: center;\" data-start=\"1277\" data-end=\"1330\"><strong>Wymiary 13cmX13cmX13cm<\/strong><\/p>\n<p style=\"text-align: center;\" data-start=\"1277\" data-end=\"1330\">\ud83c\uddf5\ud83c\uddf1 Produkt tworzony w Polsce<br \/>\nKa\u017cdy produkt jest projektowany i wykonywany lokalnie, z dba\u0142o\u015bci\u0105 o jako\u015b\u0107 i detale. Kupuj\u0105c, wspierasz polsk\u0105 produkcj\u0119.<\/p>\n","protected":false},"excerpt":{"rendered":"<h3 style=\"text-align: center;\" data-section-id=\"pe40n\" data-start=\"58\" data-end=\"136\">\ud83c\udf31 Doniczka dekoracyjna<\/h3>\n<h5 data-section-id=\"25x9wb\" data-start=\"55\" data-end=\"106\"><\/h5>\n<h5 style=\"text-align: center;\" data-section-id=\"25x9wb\" data-start=\"55\" data-end=\"106\">\ud83d\udc9cZaprojektowana specjalnie z my\u015bl\u0105 o ro\u015blinach takich jak kaktusy i sukulenty.<\/h5>\n<p>&nbsp;<\/p>\n<p>&nbsp;<\/p>\n","protected":false},"featured_media":8708,"template":"","meta":{"site-sidebar-layout":"default","site-content-layout":"","ast-site-content-layout":"default","site-content-style":"default","site-sidebar-style":"default","ast-global-header-display":"","ast-banner-title-visibility":"","ast-main-header-display":"","ast-hfb-above-header-display":"","ast-hfb-below-header-display":"","ast-hfb-mobile-header-display":"","site-post-title":"","ast-breadcrumbs-content":"","ast-featured-img":"","footer-sml-layout":"","ast-disable-related-posts":"","theme-transparent-header-meta":"default","adv-header-id-meta":"","stick-header-meta":"","header-above-stick-meta":"","header-main-stick-meta":"","header-below-stick-meta":"","astra-migrate-meta-layouts":"set","ast-page-background-enabled":"default","ast-page-background-meta":{"desktop":{"background-color":"","background-image":"","background-repeat":"repeat","background-position":"center center","background-size":"auto","background-attachment":"scroll","background-type":"","background-media":"","overlay-type":"","overlay-color":"","overlay-opacity":"","overlay-gradient":""},"tablet":{"background-color":"","background-image":"","background-repeat":"repeat","background-position":"center center","background-size":"auto","background-attachment":"scroll","background-type":"","background-media":"","overlay-type":"","overlay-color":"","overlay-opacity":"","overlay-gradient":""},"mobile":{"background-color":"","background-image":"","background-repeat":"repeat","background-position":"center center","background-size":"auto","background-attachment":"scroll","background-type":"","background-media":"","overlay-type":"","overlay-color":"","overlay-opacity":"","overlay-gradient":""}},"ast-content-background-meta":{"desktop":{"background-color":"var(--ast-global-color-5)","background-image":"","background-repeat":"repeat","background-position":"center center","background-size":"auto","background-attachment":"scroll","background-type":"","background-media":"","overlay-type":"","overlay-color":"","overlay-opacity":"","overlay-gradient":""},"tablet":{"background-color":"var(--ast-global-color-5)","background-image":"","background-repeat":"repeat","background-position":"center center","background-size":"auto","background-attachment":"scroll","background-type":"","background-media":"","overlay-type":"","overlay-color":"","overlay-opacity":"","overlay-gradient":""},"mobile":{"background-color":"var(--ast-global-color-5)","background-image":"","background-repeat":"repeat","background-position":"center center","background-size":"auto","background-attachment":"scroll","background-type":"","background-media":"","overlay-type":"","overlay-color":"","overlay-opacity":"","overlay-gradient":""}}},"product_brand":[],"product_cat":[37,167],"product_tag":[],"class_list":{"0":"post-8706","1":"product","2":"type-product","3":"status-publish","4":"has-post-thumbnail","6":"product_cat-dla-domu","7":"product_cat-doniczki","8":"product_shipping_class-srednie-paczki","9":"pa_kolor-bialy","10":"pa_kolor-brazowy","11":"pa_kolor-czarny","12":"pa_kolor-czerwony","13":"pa_kolor-fioletowy","14":"pa_kolor-niebieski","15":"pa_kolor-pomaranczowy","16":"pa_kolor-rozowy","17":"pa_kolor-szary","18":"pa_kolor-zielony","19":"pa_kolor-zolty","20":"desktop-align-center","21":"tablet-align-left","22":"mobile-align-center","24":"first","25":"instock","26":"featured","27":"shipping-taxable","28":"purchasable","29":"product-type-variable","30":"has-default-attributes"},"_links":{"self":[{"href":"https:\/\/af3ddruk.me\/index.php?rest_route=\/wp\/v2\/product\/8706","targetHints":{"allow":["GET"]}}],"collection":[{"href":"https:\/\/af3ddruk.me\/index.php?rest_route=\/wp\/v2\/product"}],"about":[{"href":"https:\/\/af3ddruk.me\/index.php?rest_route=\/wp\/v2\/types\/product"}],"version-history":[{"count":16,"href":"https:\/\/af3ddruk.me\/index.php?rest_route=\/wp\/v2\/product\/8706\/revisions"}],"predecessor-version":[{"id":9166,"href":"https:\/\/af3ddruk.me\/index.php?rest_route=\/wp\/v2\/product\/8706\/revisions\/9166"}],"wp:featuredmedia":[{"embeddable":true,"href":"https:\/\/af3ddruk.me\/index.php?rest_route=\/wp\/v2\/media\/8708"}],"wp:attachment":[{"href":"https:\/\/af3ddruk.me\/index.php?rest_route=%2Fwp%2Fv2%2Fmedia&parent=8706"}],"wp:term":[{"taxonomy":"product_brand","embeddable":true,"href":"https:\/\/af3ddruk.me\/index.php?rest_route=%2Fwp%2Fv2%2Fproduct_brand&post=8706"},{"taxonomy":"product_cat","embeddable":true,"href":"https:\/\/af3ddruk.me\/index.php?rest_route=%2Fwp%2Fv2%2Fproduct_cat&post=8706"},{"taxonomy":"product_tag","embeddable":true,"href":"https:\/\/af3ddruk.me\/index.php?rest_route=%2Fwp%2Fv2%2Fproduct_tag&post=8706"}],"curies":[{"name":"wp","href":"https:\/\/api.w.org\/{rel}","templated":true}]}}