{"id":8667,"date":"2026-04-02T09:59:22","date_gmt":"2026-04-02T08:59:22","guid":{"rendered":"https:\/\/af3ddruk.me\/?post_type=product&#038;p=8667"},"modified":"2026-04-24T13:40:15","modified_gmt":"2026-04-24T12:40:15","slug":"organizer-do-szuflady-czarny-praktyczny-i-nowoczesny","status":"publish","type":"product","link":"https:\/\/af3ddruk.me\/?product=organizer-do-szuflady-czarny-praktyczny-i-nowoczesny","title":{"rendered":"Organizer"},"content":{"rendered":"<h3 style=\"text-align: center;\" data-section-id=\"1qjz9f2\" data-start=\"47\" data-end=\"109\"><\/h3>\n<p style=\"text-align: center;\"><a href=\"https:\/\/af3ddruk.me\/wp-content\/uploads\/2026\/04\/ChatGPT-Image-2-kwi-2026-10_58_33.png\"><img fetchpriority=\"high\" decoding=\"async\" class=\"size-medium wp-image-8670 aligncenter\" src=\"https:\/\/af3ddruk.me\/wp-content\/uploads\/2026\/04\/ChatGPT-Image-2-kwi-2026-10_58_33-300x200.png\" alt=\"Organizer 1\" width=\"300\" height=\"200\" srcset=\"https:\/\/af3ddruk.me\/wp-content\/uploads\/2026\/04\/ChatGPT-Image-2-kwi-2026-10_58_33-300x200.png 300w, https:\/\/af3ddruk.me\/wp-content\/uploads\/2026\/04\/ChatGPT-Image-2-kwi-2026-10_58_33-1024x683.png 1024w, https:\/\/af3ddruk.me\/wp-content\/uploads\/2026\/04\/ChatGPT-Image-2-kwi-2026-10_58_33-768x512.png 768w, https:\/\/af3ddruk.me\/wp-content\/uploads\/2026\/04\/ChatGPT-Image-2-kwi-2026-10_58_33-600x400.png 600w, https:\/\/af3ddruk.me\/wp-content\/uploads\/2026\/04\/ChatGPT-Image-2-kwi-2026-10_58_33.png 1536w\" sizes=\"(max-width: 300px) 100vw, 300px\" \/><\/a><\/p>\n<h3 style=\"text-align: center;\" data-section-id=\"1qjz9f2\" data-start=\"47\" data-end=\"109\">\u00a0Organizer do szuflady 2&#215;4<\/h3>\n<p style=\"text-align: center;\" data-start=\"111\" data-end=\"367\">\u00a0Dzi\u0119ki przemy\u015blanemu uk\u0142adowi przegr\u00f3dek pozwala \u0142atwo posegregowa\u0107 r\u00f3\u017cne drobiazgi i utrzyma\u0107 idealny \u0142ad w ka\u017cdej przestrzeni.<\/p>\n<p style=\"text-align: center;\" data-start=\"369\" data-end=\"431\">\u015awietnie sprawdzi si\u0119 w domu, biurze, warsztacie czy \u0142azience.<\/p>\n<hr data-start=\"433\" data-end=\"436\" \/>\n<h3 style=\"text-align: center;\" data-section-id=\"1e78l6z\" data-start=\"438\" data-end=\"464\">\u2728 Najwa\u017cniejsze cechy:<\/h3>\n<ul style=\"text-align: center;\" data-start=\"465\" data-end=\"627\">\n<li data-section-id=\"1x2qvf6\" data-start=\"465\" data-end=\"507\">praktyczny podzia\u0142 na kilka przegr\u00f3dek<\/li>\n<li data-section-id=\"1lt5bsd\" data-start=\"508\" data-end=\"546\">nowoczesny, minimalistyczny design<\/li>\n<li data-section-id=\"1wz37bv\" data-start=\"547\" data-end=\"575\">uniwersalny\u00a0 kolor<\/li>\n<li data-section-id=\"1evn0bz\" data-start=\"576\" data-end=\"603\">trwa\u0142y i lekki materia\u0142<\/li>\n<li data-section-id=\"bl33z5\" data-start=\"604\" data-end=\"627\">\u0142atwy w czyszczeniu<\/li>\n<li data-section-id=\"bl33z5\" data-start=\"604\" data-end=\"627\">Wymiary <strong>10cm na 5 cm<\/strong><\/li>\n<li data-section-id=\"bl33z5\" data-start=\"604\" data-end=\"627\"><\/li>\n<\/ul>\n<hr data-start=\"629\" data-end=\"632\" \/>\n<h3 style=\"text-align: center;\" data-section-id=\"kaoyl8\" data-start=\"634\" data-end=\"654\">\ud83d\udce6 Zastosowanie:<\/h3>\n<ul style=\"text-align: center;\" data-start=\"655\" data-end=\"829\">\n<li data-section-id=\"1p95q1m\" data-start=\"655\" data-end=\"681\">organizacja kosmetyk\u00f3w<\/li>\n<li data-section-id=\"sgdjpm\" data-start=\"682\" data-end=\"710\">przechowywanie bi\u017cuterii<\/li>\n<li data-section-id=\"1t9tso7\" data-start=\"711\" data-end=\"749\">porz\u0105dkowanie akcesori\u00f3w biurowych<\/li>\n<li data-section-id=\"xe2r4f\" data-start=\"750\" data-end=\"796\">segregacja narz\u0119dzi lub drobnych element\u00f3w<\/li>\n<li data-section-id=\"q4h8jj\" data-start=\"797\" data-end=\"829\">idealny do szuflad i na blat<\/li>\n<\/ul>\n<hr data-start=\"831\" data-end=\"834\" \/>\n<h3 style=\"text-align: center;\" data-section-id=\"1truwos\" data-start=\"836\" data-end=\"874\">\ud83c\udfe1 Porz\u0105dek i wygoda na co dzie\u0144<\/h3>\n<p style=\"text-align: center;\" data-start=\"875\" data-end=\"1037\">Organizer pomaga maksymalnie wykorzysta\u0107 przestrze\u0144 i utrzyma\u0107 wszystko na swoim miejscu. Dzi\u0119ki niemu szybko znajdziesz potrzebne rzeczy i zapomnisz o ba\u0142aganie.<\/p>\n<hr data-start=\"1039\" data-end=\"1042\" \/>\n<h3 style=\"text-align: center;\" data-section-id=\"9ptz6l\" data-start=\"1044\" data-end=\"1075\">\ud83c\udfa8 Warianty kolorystyczne<\/h3>\n<p style=\"text-align: center;\" data-start=\"1076\" data-end=\"1182\">Produkt dost\u0119pny jest w r\u00f3\u017cnych kolorach, co pozwala \u0142atwo dopasowa\u0107 go do wn\u0119trza i w\u0142asnych preferencji.<\/p>\n<p style=\"text-align: center;\" data-start=\"1076\" data-end=\"1182\">\ud83c\uddf5\ud83c\uddf1 Produkt tworzony w Polsce<br \/>\nKa\u017cdy produkt jest projektowany i wykonywany lokalnie, z dba\u0142o\u015bci\u0105 o jako\u015b\u0107 i detale. Kupuj\u0105c, wspierasz polsk\u0105 produkcj\u0119.<\/p>\n","protected":false},"excerpt":{"rendered":"<p style=\"text-align: center;\"><strong>Funkcjonalny organizer w eleganckim kolorze to idealne rozwi\u0105zanie dla os\u00f3b, kt\u00f3re ceni\u0105 porz\u0105dek i wygod\u0119<\/strong><\/p>\n","protected":false},"featured_media":9131,"template":"","meta":{"site-sidebar-layout":"default","site-content-layout":"","ast-site-content-layout":"default","site-content-style":"default","site-sidebar-style":"default","ast-global-header-display":"","ast-banner-title-visibility":"","ast-main-header-display":"","ast-hfb-above-header-display":"","ast-hfb-below-header-display":"","ast-hfb-mobile-header-display":"","site-post-title":"","ast-breadcrumbs-content":"","ast-featured-img":"","footer-sml-layout":"","ast-disable-related-posts":"","theme-transparent-header-meta":"default","adv-header-id-meta":"","stick-header-meta":"","header-above-stick-meta":"","header-main-stick-meta":"","header-below-stick-meta":"","astra-migrate-meta-layouts":"set","ast-page-background-enabled":"default","ast-page-background-meta":{"desktop":{"background-color":"","background-image":"","background-repeat":"repeat","background-position":"center center","background-size":"auto","background-attachment":"scroll","background-type":"","background-media":"","overlay-type":"","overlay-color":"","overlay-opacity":"","overlay-gradient":""},"tablet":{"background-color":"","background-image":"","background-repeat":"repeat","background-position":"center center","background-size":"auto","background-attachment":"scroll","background-type":"","background-media":"","overlay-type":"","overlay-color":"","overlay-opacity":"","overlay-gradient":""},"mobile":{"background-color":"","background-image":"","background-repeat":"repeat","background-position":"center center","background-size":"auto","background-attachment":"scroll","background-type":"","background-media":"","overlay-type":"","overlay-color":"","overlay-opacity":"","overlay-gradient":""}},"ast-content-background-meta":{"desktop":{"background-color":"var(--ast-global-color-5)","background-image":"","background-repeat":"repeat","background-position":"center center","background-size":"auto","background-attachment":"scroll","background-type":"","background-media":"","overlay-type":"","overlay-color":"","overlay-opacity":"","overlay-gradient":""},"tablet":{"background-color":"var(--ast-global-color-5)","background-image":"","background-repeat":"repeat","background-position":"center center","background-size":"auto","background-attachment":"scroll","background-type":"","background-media":"","overlay-type":"","overlay-color":"","overlay-opacity":"","overlay-gradient":""},"mobile":{"background-color":"var(--ast-global-color-5)","background-image":"","background-repeat":"repeat","background-position":"center center","background-size":"auto","background-attachment":"scroll","background-type":"","background-media":"","overlay-type":"","overlay-color":"","overlay-opacity":"","overlay-gradient":""}}},"product_brand":[],"product_cat":[37,161],"product_tag":[],"class_list":{"0":"post-8667","1":"product","2":"type-product","3":"status-publish","4":"has-post-thumbnail","6":"product_cat-dla-domu","7":"product_cat-organizery","8":"pa_kolor-bialy","9":"pa_kolor-brazowy","10":"pa_kolor-czarny","11":"pa_kolor-czerwony","12":"pa_kolor-fioletowy","13":"pa_kolor-niebieski","14":"pa_kolor-rozowy","15":"pa_kolor-szary","16":"desktop-align-center","17":"tablet-align-left","18":"mobile-align-center","20":"first","21":"instock","22":"featured","23":"shipping-taxable","24":"purchasable","25":"product-type-variable"},"_links":{"self":[{"href":"https:\/\/af3ddruk.me\/index.php?rest_route=\/wp\/v2\/product\/8667","targetHints":{"allow":["GET"]}}],"collection":[{"href":"https:\/\/af3ddruk.me\/index.php?rest_route=\/wp\/v2\/product"}],"about":[{"href":"https:\/\/af3ddruk.me\/index.php?rest_route=\/wp\/v2\/types\/product"}],"version-history":[{"count":17,"href":"https:\/\/af3ddruk.me\/index.php?rest_route=\/wp\/v2\/product\/8667\/revisions"}],"predecessor-version":[{"id":9371,"href":"https:\/\/af3ddruk.me\/index.php?rest_route=\/wp\/v2\/product\/8667\/revisions\/9371"}],"wp:featuredmedia":[{"embeddable":true,"href":"https:\/\/af3ddruk.me\/index.php?rest_route=\/wp\/v2\/media\/9131"}],"wp:attachment":[{"href":"https:\/\/af3ddruk.me\/index.php?rest_route=%2Fwp%2Fv2%2Fmedia&parent=8667"}],"wp:term":[{"taxonomy":"product_brand","embeddable":true,"href":"https:\/\/af3ddruk.me\/index.php?rest_route=%2Fwp%2Fv2%2Fproduct_brand&post=8667"},{"taxonomy":"product_cat","embeddable":true,"href":"https:\/\/af3ddruk.me\/index.php?rest_route=%2Fwp%2Fv2%2Fproduct_cat&post=8667"},{"taxonomy":"product_tag","embeddable":true,"href":"https:\/\/af3ddruk.me\/index.php?rest_route=%2Fwp%2Fv2%2Fproduct_tag&post=8667"}],"curies":[{"name":"wp","href":"https:\/\/api.w.org\/{rel}","templated":true}]}}