{"id":8612,"date":"2026-04-02T07:56:28","date_gmt":"2026-04-02T06:56:28","guid":{"rendered":"https:\/\/af3ddruk.me\/?post_type=product&#038;p=8612"},"modified":"2026-04-09T14:53:57","modified_gmt":"2026-04-09T13:53:57","slug":"nowoczesny-wazon-dekoracyjny-geometryczny-design","status":"publish","type":"product","link":"https:\/\/af3ddruk.me\/?product=nowoczesny-wazon-dekoracyjny-geometryczny-design","title":{"rendered":"Nowoczesny wazon &#8211; Geometryczny design"},"content":{"rendered":"<h3 data-section-id=\"1tyzqau\" data-start=\"74\" data-end=\"139\"><a href=\"https:\/\/af3ddruk.me\/wp-content\/uploads\/2026\/04\/ChatGPT-Image-2-kwi-2026-10_28_47.png\"><img fetchpriority=\"high\" decoding=\"async\" class=\"size-medium wp-image-8665 aligncenter\" src=\"https:\/\/af3ddruk.me\/wp-content\/uploads\/2026\/04\/ChatGPT-Image-2-kwi-2026-10_28_47-200x300.png\" alt=\"Wazon \u017b\u00f3\u0142ty\" width=\"200\" height=\"300\" srcset=\"https:\/\/af3ddruk.me\/wp-content\/uploads\/2026\/04\/ChatGPT-Image-2-kwi-2026-10_28_47-200x300.png 200w, https:\/\/af3ddruk.me\/wp-content\/uploads\/2026\/04\/ChatGPT-Image-2-kwi-2026-10_28_47-683x1024.png 683w, https:\/\/af3ddruk.me\/wp-content\/uploads\/2026\/04\/ChatGPT-Image-2-kwi-2026-10_28_47-768x1152.png 768w, https:\/\/af3ddruk.me\/wp-content\/uploads\/2026\/04\/ChatGPT-Image-2-kwi-2026-10_28_47-600x900.png 600w, https:\/\/af3ddruk.me\/wp-content\/uploads\/2026\/04\/ChatGPT-Image-2-kwi-2026-10_28_47.png 1024w\" sizes=\"(max-width: 200px) 100vw, 200px\" \/><\/a><\/h3>\n<h3 style=\"text-align: center;\" data-section-id=\"1tyzqau\" data-start=\"74\" data-end=\"139\">Nowoczesny wazon dekoracyjny \u2013 Geometryczny design<\/h3>\n<p style=\"text-align: center;\" data-start=\"422\" data-end=\"612\">Doskonale sprawdzi si\u0119 zar\u00f3wno jako samodzielna ozdoba, jak i wazon na kwiaty \u2013 \u015bwie\u017ce lub sztuczne. Dzi\u0119ki uniwersalnej estetyce pasuje do salonu, sypialni, biura czy przestrzeni typu loft.<\/p>\n<hr data-start=\"614\" data-end=\"617\" \/>\n<h3 style=\"text-align: center;\" data-section-id=\"1e78l6z\" data-start=\"619\" data-end=\"645\">\u2728 Najwa\u017cniejsze cechy:<\/h3>\n<ul style=\"text-align: center;\" data-start=\"646\" data-end=\"827\">\n<li data-section-id=\"1r79awg\" data-start=\"646\" data-end=\"681\">nowoczesny, designerski kszta\u0142t<\/li>\n<li data-section-id=\"y06nng\" data-start=\"682\" data-end=\"715\">elegancki matowy czarny kolor<\/li>\n<li data-section-id=\"1aghdf7\" data-start=\"716\" data-end=\"752\">dekoracyjna faktura geometryczna<\/li>\n<li data-section-id=\"1xf6fjo\" data-start=\"753\" data-end=\"787\">stabilna i solidna konstrukcja<\/li>\n<li data-section-id=\"173qgjx\" data-start=\"788\" data-end=\"827\">idealny do r\u00f3\u017cnych aran\u017cacji wn\u0119trz<\/li>\n<\/ul>\n<hr data-start=\"829\" data-end=\"832\" \/>\n<h3 style=\"text-align: center;\" data-section-id=\"1chegfe\" data-start=\"834\" data-end=\"854\">\ud83d\udcd0 Zastosowanie:<\/h3>\n<ul style=\"text-align: center;\" data-start=\"855\" data-end=\"985\">\n<li style=\"text-align: center;\" data-section-id=\"1m64dmu\" data-start=\"855\" data-end=\"892\">dekoracja sto\u0142u, komody lub p\u00f3\u0142ki<\/li>\n<li style=\"text-align: center;\" data-section-id=\"68t48j\" data-start=\"893\" data-end=\"912\">wazon na kwiaty<\/li>\n<li style=\"text-align: center;\" data-section-id=\"2ebmzf\" data-start=\"913\" data-end=\"955\">element stylizacji wn\u0119trz (home decor)<\/li>\n<li style=\"text-align: center;\" data-section-id=\"1k2xcs\" data-start=\"956\" data-end=\"985\">\u015bwietny pomys\u0142 na prezent<\/li>\n<\/ul>\n<h3 style=\"text-align: center;\" data-section-id=\"4y9f2p\" data-start=\"37\" data-end=\"66\">\u00a0 \u00a0\ud83c\udfe1 Styl i uniwersalno\u015b\u0107<\/h3>\n<p style=\"text-align: center;\" data-start=\"67\" data-end=\"320\">\u00a0Wazon doskonale wpisuje si\u0119 w trendy takie jak <strong data-start=\"114\" data-end=\"157\">minimalizm, loft, industrial czy modern<\/strong>. Produkt dost\u0119pny jest w r\u00f3\u017cnych wariantach kolorystycznych, co pozwala \u0142atwo dopasowa\u0107 go do ka\u017cdego wn\u0119trza i wybra\u0107 idealny kolor pasuj\u0105cy do Twojej aran\u017cacji.<\/p>\n<p style=\"text-align: center;\" data-start=\"67\" data-end=\"320\">\ud83c\uddf5\ud83c\uddf1 Produkt tworzony w Polsce<br data-start=\"1104\" data-end=\"1107\" \/>Ka\u017cdy produkt jest projektowany i wykonywany lokalnie, z dba\u0142o\u015bci\u0105 o jako\u015b\u0107 i detale. Kupuj\u0105c, wspierasz polsk\u0105 produkcj\u0119.<\/p>\n","protected":false},"excerpt":{"rendered":"<p style=\"text-align: center;\" data-start=\"141\" data-end=\"420\">Elegancki i minimalistyczny wazon dekoracyjny to idealny dodatek do nowoczesnych wn\u0119trz. Jego unikalna, faluj\u0105ca forma w po\u0142\u0105czeniu z subtelnym geometrycznym wzorem nadaje mu wyj\u0105tkowego charakteru, kt\u00f3ry przyci\u0105ga wzrok i podkre\u015bla styl pomieszczenia<\/p>\n","protected":false},"featured_media":8665,"template":"","meta":{"site-sidebar-layout":"default","site-content-layout":"","ast-site-content-layout":"default","site-content-style":"default","site-sidebar-style":"default","ast-global-header-display":"","ast-banner-title-visibility":"","ast-main-header-display":"","ast-hfb-above-header-display":"","ast-hfb-below-header-display":"","ast-hfb-mobile-header-display":"","site-post-title":"","ast-breadcrumbs-content":"","ast-featured-img":"","footer-sml-layout":"","ast-disable-related-posts":"","theme-transparent-header-meta":"default","adv-header-id-meta":"","stick-header-meta":"","header-above-stick-meta":"","header-main-stick-meta":"","header-below-stick-meta":"","astra-migrate-meta-layouts":"set","ast-page-background-enabled":"default","ast-page-background-meta":{"desktop":{"background-color":"","background-image":"","background-repeat":"repeat","background-position":"center center","background-size":"auto","background-attachment":"scroll","background-type":"","background-media":"","overlay-type":"","overlay-color":"","overlay-opacity":"","overlay-gradient":""},"tablet":{"background-color":"","background-image":"","background-repeat":"repeat","background-position":"center center","background-size":"auto","background-attachment":"scroll","background-type":"","background-media":"","overlay-type":"","overlay-color":"","overlay-opacity":"","overlay-gradient":""},"mobile":{"background-color":"","background-image":"","background-repeat":"repeat","background-position":"center center","background-size":"auto","background-attachment":"scroll","background-type":"","background-media":"","overlay-type":"","overlay-color":"","overlay-opacity":"","overlay-gradient":""}},"ast-content-background-meta":{"desktop":{"background-color":"var(--ast-global-color-5)","background-image":"","background-repeat":"repeat","background-position":"center center","background-size":"auto","background-attachment":"scroll","background-type":"","background-media":"","overlay-type":"","overlay-color":"","overlay-opacity":"","overlay-gradient":""},"tablet":{"background-color":"var(--ast-global-color-5)","background-image":"","background-repeat":"repeat","background-position":"center center","background-size":"auto","background-attachment":"scroll","background-type":"","background-media":"","overlay-type":"","overlay-color":"","overlay-opacity":"","overlay-gradient":""},"mobile":{"background-color":"var(--ast-global-color-5)","background-image":"","background-repeat":"repeat","background-position":"center center","background-size":"auto","background-attachment":"scroll","background-type":"","background-media":"","overlay-type":"","overlay-color":"","overlay-opacity":"","overlay-gradient":""}}},"product_brand":[],"product_cat":[37,60],"product_tag":[],"class_list":{"0":"post-8612","1":"product","2":"type-product","3":"status-publish","4":"has-post-thumbnail","6":"product_cat-dla-domu","7":"product_cat-wazony","8":"product_shipping_class-srednie-paczki","9":"pa_kolor-bialy","10":"pa_kolor-brazowy","11":"pa_kolor-czarny","12":"pa_kolor-czerwony","13":"pa_kolor-fioletowy","14":"pa_kolor-niebieski","15":"pa_kolor-pomaranczowy","16":"pa_kolor-rozowy","17":"pa_kolor-szary","18":"pa_kolor-zielony","19":"pa_kolor-zolty","20":"pa_wymiary-18cm","21":"pa_wymiary-20cm","22":"pa_wymiary-24cm","23":"desktop-align-center","24":"tablet-align-left","25":"mobile-align-center","27":"first","28":"instock","29":"featured","30":"shipping-taxable","31":"purchasable","32":"product-type-variable","33":"has-default-attributes"},"_links":{"self":[{"href":"https:\/\/af3ddruk.me\/index.php?rest_route=\/wp\/v2\/product\/8612","targetHints":{"allow":["GET"]}}],"collection":[{"href":"https:\/\/af3ddruk.me\/index.php?rest_route=\/wp\/v2\/product"}],"about":[{"href":"https:\/\/af3ddruk.me\/index.php?rest_route=\/wp\/v2\/types\/product"}],"version-history":[{"count":13,"href":"https:\/\/af3ddruk.me\/index.php?rest_route=\/wp\/v2\/product\/8612\/revisions"}],"predecessor-version":[{"id":8617,"href":"https:\/\/af3ddruk.me\/index.php?rest_route=\/wp\/v2\/product\/8612\/revisions\/8617"}],"wp:featuredmedia":[{"embeddable":true,"href":"https:\/\/af3ddruk.me\/index.php?rest_route=\/wp\/v2\/media\/8665"}],"wp:attachment":[{"href":"https:\/\/af3ddruk.me\/index.php?rest_route=%2Fwp%2Fv2%2Fmedia&parent=8612"}],"wp:term":[{"taxonomy":"product_brand","embeddable":true,"href":"https:\/\/af3ddruk.me\/index.php?rest_route=%2Fwp%2Fv2%2Fproduct_brand&post=8612"},{"taxonomy":"product_cat","embeddable":true,"href":"https:\/\/af3ddruk.me\/index.php?rest_route=%2Fwp%2Fv2%2Fproduct_cat&post=8612"},{"taxonomy":"product_tag","embeddable":true,"href":"https:\/\/af3ddruk.me\/index.php?rest_route=%2Fwp%2Fv2%2Fproduct_tag&post=8612"}],"curies":[{"name":"wp","href":"https:\/\/api.w.org\/{rel}","templated":true}]}}