{"id":7673,"date":"2026-03-30T12:13:33","date_gmt":"2026-03-30T11:13:33","guid":{"rendered":"https:\/\/af3ddruk.me\/?post_type=product&#038;p=7673"},"modified":"2026-04-07T16:42:45","modified_gmt":"2026-04-07T15:42:45","slug":"tulipan","status":"publish","type":"product","link":"https:\/\/af3ddruk.me\/?product=tulipan","title":{"rendered":"Tulipan"},"content":{"rendered":"<p data-start=\"149\" data-end=\"229\"><img fetchpriority=\"high\" decoding=\"async\" class=\"size-medium wp-image-7674 aligncenter\" src=\"https:\/\/af3ddruk.me\/wp-content\/uploads\/2026\/03\/ChatGPT-Image-30-mar-2026-13_08_53-200x300.png\" alt=\"\" width=\"200\" height=\"300\" srcset=\"https:\/\/af3ddruk.me\/wp-content\/uploads\/2026\/03\/ChatGPT-Image-30-mar-2026-13_08_53-200x300.png 200w, https:\/\/af3ddruk.me\/wp-content\/uploads\/2026\/03\/ChatGPT-Image-30-mar-2026-13_08_53-683x1024.png 683w, https:\/\/af3ddruk.me\/wp-content\/uploads\/2026\/03\/ChatGPT-Image-30-mar-2026-13_08_53-768x1152.png 768w, https:\/\/af3ddruk.me\/wp-content\/uploads\/2026\/03\/ChatGPT-Image-30-mar-2026-13_08_53-600x900.png 600w, https:\/\/af3ddruk.me\/wp-content\/uploads\/2026\/03\/ChatGPT-Image-30-mar-2026-13_08_53.png 1024w\" sizes=\"(max-width: 200px) 100vw, 200px\" \/><\/p>\n<div class=\"flex flex-col text-sm pb-25\">\n<section class=\"text-token-text-primary w-full focus:outline-none [--shadow-height:45px] has-data-writing-block:pointer-events-none has-data-writing-block:-mt-(--shadow-height) has-data-writing-block:pt-(--shadow-height) [&amp;:has([data-writing-block])&gt;*]:pointer-events-auto scroll-mt-[calc(var(--header-height)+min(200px,max(70px,20svh)))]\" dir=\"auto\" data-turn-id=\"request-69c8dc67-5098-8325-9828-78abddbfea1a-22\" data-testid=\"conversation-turn-46\" data-scroll-anchor=\"true\" data-turn=\"assistant\">\n<div class=\"text-base my-auto mx-auto pb-10 [--thread-content-margin:var(--thread-content-margin-xs,calc(var(--spacing)*4))] @w-sm\/main:[--thread-content-margin:var(--thread-content-margin-sm,calc(var(--spacing)*6))] @w-lg\/main:[--thread-content-margin:var(--thread-content-margin-lg,calc(var(--spacing)*16))] px-(--thread-content-margin)\">\n<div class=\"[--thread-content-max-width:40rem] @w-lg\/main:[--thread-content-max-width:48rem] mx-auto max-w-(--thread-content-max-width) flex-1 group\/turn-messages focus-visible:outline-hidden relative flex w-full min-w-0 flex-col agent-turn\">\n<div class=\"flex max-w-full flex-col gap-4 grow\">\n<div class=\"min-h-8 text-message relative flex w-full flex-col items-end gap-2 text-start break-words whitespace-normal outline-none keyboard-focused:focus-ring [.text-message+&amp;]:mt-1\" dir=\"auto\" tabindex=\"0\" data-message-author-role=\"assistant\" data-message-id=\"45bb152c-2174-40b5-94d5-2da51e0ac9c8\" data-message-model-slug=\"gpt-5-3\" data-turn-start-message=\"true\">\n<div class=\"flex w-full flex-col gap-1 empty:hidden\">\n<div class=\"markdown prose dark:prose-invert w-full wrap-break-word light markdown-new-styling\">\n<h3 style=\"text-align: center;\" data-start=\"73\" data-end=\"151\">\ud83c\udf37 Tulipan dekoracyjny \u2013 elegancka ozdoba, kt\u00f3ra zawsze wygl\u0105da perfekcyjnie<\/h3>\n<h3><\/h3>\n<h3 style=\"text-align: center;\">Wymiary 5,5cm 5.5cm 27cm<\/h3>\n<p style=\"text-align: center;\" data-start=\"153\" data-end=\"379\">Stylowy tulipan w nowoczesnej, minimalistycznej formie to wyj\u0105tkowy dodatek do ka\u017cdego wn\u0119trza. Subtelny kszta\u0142t i harmonijne kolory sprawiaj\u0105, \u017ce \u015bwietnie komponuje si\u0119 zar\u00f3wno z nowoczesnymi, jak i klasycznymi aran\u017cacjami.<\/p>\n<p style=\"text-align: center;\" data-start=\"381\" data-end=\"478\">To dekoracja, kt\u00f3ra nie wymaga piel\u0119gnacji, a przez ca\u0142y czas zachowuje sw\u00f3j estetyczny wygl\u0105d.<\/p>\n<h4 style=\"text-align: center;\" data-start=\"480\" data-end=\"499\">\u2728 Dlaczego warto?<\/h4>\n<p style=\"text-align: center;\" data-start=\"501\" data-end=\"671\">\u2714\ufe0f elegancki i ponadczasowy design<br data-start=\"535\" data-end=\"538\" \/>\u2714\ufe0f trwa\u0142y \u2013 nie wi\u0119dnie i nie traci koloru<br data-start=\"580\" data-end=\"583\" \/>\u2714\ufe0f pasuje do ka\u017cdego wn\u0119trza<br data-start=\"611\" data-end=\"614\" \/>\u2714\ufe0f idealny na prezent<br data-start=\"635\" data-end=\"638\" \/>\u2714\ufe0f lekki i wygodny w ustawieniu<\/p>\n<p style=\"text-align: center;\" data-start=\"829\" data-end=\"980\" data-is-last-node=\"\" data-is-only-node=\"\">\ud83d\udca1 Personalizacja<br data-start=\"846\" data-end=\"849\" \/>Chcesz inny kolor wystarczy ustawi\u0107 odpowiedni w menu wyboru kolor\u00f3w przy zakupie, Unikalne wyko\u0144czenie albo zestaw kilku tulipan\u00f3w?<\/p>\n<h6 style=\"text-align: center;\" data-start=\"829\" data-end=\"980\">\ud83d\udc49 Napisz wiadomo\u015b\u0107 \u2013 przygotuj\u0119 wersj\u0119 dopasowan\u0105 do Ciebie<\/h6>\n<p>&nbsp;<\/p>\n<p style=\"text-align: center;\">\ud83c\uddf5\ud83c\uddf1 Produkt tworzony w Polsce<br \/>\nKa\u017cdy produkt jest projektowany i wykonywany lokalnie, z dba\u0142o\u015bci\u0105 o jako\u015b\u0107 i detale. Kupuj\u0105c, wspierasz polsk\u0105 produkcj\u0119.<\/p>\n<\/div>\n<\/div>\n<\/div>\n<\/div>\n<div class=\"z-0 flex min-h-[46px] justify-start\"><\/div>\n<div class=\"mt-3 w-full empty:hidden\">\n<div class=\"text-center\"><\/div>\n<\/div>\n<\/div>\n<\/div>\n<\/section>\n<\/div>\n<div class=\"pointer-events-none h-px w-px absolute bottom-0\" aria-hidden=\"true\" data-edge=\"true\"><\/div>\n","protected":false},"excerpt":{"rendered":"<p>\ud83c\udf37 Tulipan dekoracyjny \u2013 elegancka ozdoba, kt\u00f3ra zawsze wygl\u0105da perfekcyjnie Wymiary 5,5cm 5.5cm 27cm Stylowy tulipan w nowoczesnej, minimalistycznej formie to wyj\u0105tkowy dodatek do ka\u017cdego wn\u0119trza. Subtelny kszta\u0142t i harmonijne kolory sprawiaj\u0105, \u017ce \u015bwietnie komponuje si\u0119 zar\u00f3wno z nowoczesnymi, jak i klasycznymi aran\u017cacjami. To dekoracja, kt\u00f3ra nie wymaga piel\u0119gnacji, a przez ca\u0142y czas zachowuje sw\u00f3j [&hellip;]<\/p>\n","protected":false},"featured_media":7674,"template":"","meta":{"site-sidebar-layout":"default","site-content-layout":"","ast-site-content-layout":"default","site-content-style":"default","site-sidebar-style":"default","ast-global-header-display":"","ast-banner-title-visibility":"","ast-main-header-display":"","ast-hfb-above-header-display":"","ast-hfb-below-header-display":"","ast-hfb-mobile-header-display":"","site-post-title":"","ast-breadcrumbs-content":"","ast-featured-img":"","footer-sml-layout":"","ast-disable-related-posts":"","theme-transparent-header-meta":"default","adv-header-id-meta":"","stick-header-meta":"","header-above-stick-meta":"","header-main-stick-meta":"","header-below-stick-meta":"","astra-migrate-meta-layouts":"set","ast-page-background-enabled":"default","ast-page-background-meta":{"desktop":{"background-color":"","background-image":"","background-repeat":"repeat","background-position":"center center","background-size":"auto","background-attachment":"scroll","background-type":"","background-media":"","overlay-type":"","overlay-color":"","overlay-opacity":"","overlay-gradient":""},"tablet":{"background-color":"","background-image":"","background-repeat":"repeat","background-position":"center center","background-size":"auto","background-attachment":"scroll","background-type":"","background-media":"","overlay-type":"","overlay-color":"","overlay-opacity":"","overlay-gradient":""},"mobile":{"background-color":"","background-image":"","background-repeat":"repeat","background-position":"center center","background-size":"auto","background-attachment":"scroll","background-type":"","background-media":"","overlay-type":"","overlay-color":"","overlay-opacity":"","overlay-gradient":""}},"ast-content-background-meta":{"desktop":{"background-color":"var(--ast-global-color-5)","background-image":"","background-repeat":"repeat","background-position":"center center","background-size":"auto","background-attachment":"scroll","background-type":"","background-media":"","overlay-type":"","overlay-color":"","overlay-opacity":"","overlay-gradient":""},"tablet":{"background-color":"var(--ast-global-color-5)","background-image":"","background-repeat":"repeat","background-position":"center center","background-size":"auto","background-attachment":"scroll","background-type":"","background-media":"","overlay-type":"","overlay-color":"","overlay-opacity":"","overlay-gradient":""},"mobile":{"background-color":"var(--ast-global-color-5)","background-image":"","background-repeat":"repeat","background-position":"center center","background-size":"auto","background-attachment":"scroll","background-type":"","background-media":"","overlay-type":"","overlay-color":"","overlay-opacity":"","overlay-gradient":""}}},"product_brand":[],"product_cat":[104],"product_tag":[],"class_list":{"0":"post-7673","1":"product","2":"type-product","3":"status-publish","4":"has-post-thumbnail","6":"product_cat-sztuczne-kwiaty","7":"desktop-align-center","8":"tablet-align-left","9":"mobile-align-center","11":"first","12":"instock","13":"featured","14":"shipping-taxable","15":"purchasable","16":"product-type-variable"},"_links":{"self":[{"href":"https:\/\/af3ddruk.me\/index.php?rest_route=\/wp\/v2\/product\/7673","targetHints":{"allow":["GET"]}}],"collection":[{"href":"https:\/\/af3ddruk.me\/index.php?rest_route=\/wp\/v2\/product"}],"about":[{"href":"https:\/\/af3ddruk.me\/index.php?rest_route=\/wp\/v2\/types\/product"}],"version-history":[{"count":13,"href":"https:\/\/af3ddruk.me\/index.php?rest_route=\/wp\/v2\/product\/7673\/revisions"}],"predecessor-version":[{"id":8813,"href":"https:\/\/af3ddruk.me\/index.php?rest_route=\/wp\/v2\/product\/7673\/revisions\/8813"}],"wp:featuredmedia":[{"embeddable":true,"href":"https:\/\/af3ddruk.me\/index.php?rest_route=\/wp\/v2\/media\/7674"}],"wp:attachment":[{"href":"https:\/\/af3ddruk.me\/index.php?rest_route=%2Fwp%2Fv2%2Fmedia&parent=7673"}],"wp:term":[{"taxonomy":"product_brand","embeddable":true,"href":"https:\/\/af3ddruk.me\/index.php?rest_route=%2Fwp%2Fv2%2Fproduct_brand&post=7673"},{"taxonomy":"product_cat","embeddable":true,"href":"https:\/\/af3ddruk.me\/index.php?rest_route=%2Fwp%2Fv2%2Fproduct_cat&post=7673"},{"taxonomy":"product_tag","embeddable":true,"href":"https:\/\/af3ddruk.me\/index.php?rest_route=%2Fwp%2Fv2%2Fproduct_tag&post=7673"}],"curies":[{"name":"wp","href":"https:\/\/api.w.org\/{rel}","templated":true}]}}