{"id":7570,"date":"2026-03-28T21:31:45","date_gmt":"2026-03-28T20:31:45","guid":{"rendered":"https:\/\/af3ddruk.me\/?post_type=product&#038;p=7570"},"modified":"2026-04-03T20:30:20","modified_gmt":"2026-04-03T19:30:20","slug":"roza","status":"publish","type":"product","link":"https:\/\/af3ddruk.me\/?product=roza","title":{"rendered":"R\u00f3\u017ca"},"content":{"rendered":"<p><img fetchpriority=\"high\" decoding=\"async\" class=\"size-medium wp-image-7571 aligncenter\" src=\"https:\/\/af3ddruk.me\/wp-content\/uploads\/2026\/03\/ChatGPT-Image-28-mar-2026-21_27_06-200x300.png\" alt=\"\" width=\"200\" height=\"300\" srcset=\"https:\/\/af3ddruk.me\/wp-content\/uploads\/2026\/03\/ChatGPT-Image-28-mar-2026-21_27_06-200x300.png 200w, https:\/\/af3ddruk.me\/wp-content\/uploads\/2026\/03\/ChatGPT-Image-28-mar-2026-21_27_06-683x1024.png 683w, https:\/\/af3ddruk.me\/wp-content\/uploads\/2026\/03\/ChatGPT-Image-28-mar-2026-21_27_06-768x1152.png 768w, https:\/\/af3ddruk.me\/wp-content\/uploads\/2026\/03\/ChatGPT-Image-28-mar-2026-21_27_06-600x900.png 600w, https:\/\/af3ddruk.me\/wp-content\/uploads\/2026\/03\/ChatGPT-Image-28-mar-2026-21_27_06.png 1024w\" sizes=\"(max-width: 200px) 100vw, 200px\" \/><\/p>\n<p style=\"text-align: center;\" data-start=\"22\" data-end=\"73\"><strong data-start=\"22\" data-end=\"73\">Czerwona r\u00f3\u017ca dekoracyjna<\/strong><\/p>\n<p style=\"text-align: center;\" data-start=\"75\" data-end=\"349\">Elegancka, sztuczna r\u00f3\u017ca wykonana z dba\u0142o\u015bci\u0105 o detale. P\u0142atki wiernie odwzorowuj\u0105 naturalny wygl\u0105d kwiatu, dzi\u0119ki czemu r\u00f3\u017ca prezentuje si\u0119 wyj\u0105tkowo estetycznie i stylowo. Zielona \u0142odyga jest trwa\u0142a i lekka, co sprawia, \u017ce idealnie nadaje si\u0119 do r\u00f3\u017cnego rodzaju dekoracji.<\/p>\n<p style=\"text-align: center;\" data-start=\"351\" data-end=\"387\"><strong>Produkt doskonale sprawdzi si\u0119 jako<\/strong><\/p>\n<ul>\n<li style=\"text-align: center;\">Ozdoba wn\u0119trza<\/li>\n<li style=\"text-align: center;\">Element kompozycji kwiatowych<\/li>\n<li style=\"text-align: center;\">Dekoracja na prezent lub specjalne okazje<\/li>\n<\/ul>\n<p style=\"text-align: center;\" data-start=\"488\" data-end=\"602\">R\u00f3\u017ca nie wymaga piel\u0119gnacji, zachowuje sw\u00f3j wygl\u0105d przez d\u0142ugi czas i jest \u015bwietn\u0105 alternatyw\u0105 dla \u017cywych kwiat\u00f3w.<\/p>\n<p style=\"text-align: center;\" data-start=\"604\" data-end=\"702\" data-is-last-node=\"\" data-is-only-node=\"\">Dost\u0119pna w r\u00f3\u017cnych wariantach kolorystycznych \u2013 wystarczy wybra\u0107 odpowiedni kolor w menu produktu.<\/p>\n<p style=\"text-align: center;\" data-start=\"604\" data-end=\"702\" data-is-last-node=\"\" data-is-only-node=\"\">Wymiary: <strong>D<\/strong><strong class=\"Yjhzub\" style=\"font-size: 16px;\" data-sfc-root=\"c\" data-sfc-cb=\"\" data-processed=\"true\">\u0142ugo\u015b\u0107 7cm\u00a0 S<\/strong><strong class=\"Yjhzub\" style=\"font-size: 16px;\" data-sfc-root=\"c\" data-sfc-cb=\"\" data-processed=\"true\"><strong class=\"Yjhzub\" data-sfc-root=\"c\" data-sfc-cb=\"\" data-processed=\"true\">zeroko\u015b\u0107 7cm Wysoko\u015b\u0107 25cm<\/strong><\/strong><\/p>\n<div data-xpm-copy-root=\"\" data-processed=\"true\"><\/div>\n<div data-xpm-copy-root=\"\" data-processed=\"true\">\n<p><img decoding=\"async\" role=\"presentation\" draggable=\"false\" src=\"data:image\/gif;base64,R0lGODlhAQABAIAAAP\/\/\/wAAACH5BAEAAAAALAAAAAABAAEAAAICRAEAOw==\" aria-hidden=\"true\" data-xpm-latex=\"\\times \" data-imglogged=\"true\" data-aatf=\"1\" data-processed=\"true\" \/><\/p>\n<div style=\"text-align: center;\" data-processed=\"true\">\ud83c\uddf5\ud83c\uddf1 Produkt tworzony w Polsce<br \/>\nKa\u017cdy produkt jest projektowany i wykonywany lokalnie, z dba\u0142o\u015bci\u0105 o jako\u015b\u0107 i detale. Kupuj\u0105c, wspierasz polsk\u0105 produkcj\u0119.<\/div>\n<\/div>\n<p data-start=\"604\" data-end=\"702\" data-is-last-node=\"\" data-is-only-node=\"\"><strong class=\"Yjhzub\" data-sfc-root=\"c\" data-sfc-cb=\"\" data-processed=\"true\">\u00a0<\/strong><\/p>\n","protected":false},"excerpt":{"rendered":"<p>Czerwona r\u00f3\u017ca dekoracyjna Elegancka, sztuczna r\u00f3\u017ca wykonana z dba\u0142o\u015bci\u0105 o detale. P\u0142atki wiernie odwzorowuj\u0105 naturalny wygl\u0105d kwiatu, dzi\u0119ki czemu r\u00f3\u017ca prezentuje si\u0119 wyj\u0105tkowo estetycznie i stylowo. Zielona \u0142odyga jest trwa\u0142a i lekka, co sprawia, \u017ce idealnie nadaje si\u0119 do r\u00f3\u017cnego rodzaju dekoracji. Produkt doskonale sprawdzi si\u0119 jako Ozdoba wn\u0119trza Element kompozycji kwiatowych Dekoracja na prezent [&hellip;]<\/p>\n","protected":false},"featured_media":7572,"template":"","meta":{"site-sidebar-layout":"default","site-content-layout":"","ast-site-content-layout":"default","site-content-style":"default","site-sidebar-style":"default","ast-global-header-display":"","ast-banner-title-visibility":"","ast-main-header-display":"","ast-hfb-above-header-display":"","ast-hfb-below-header-display":"","ast-hfb-mobile-header-display":"","site-post-title":"","ast-breadcrumbs-content":"","ast-featured-img":"","footer-sml-layout":"","ast-disable-related-posts":"","theme-transparent-header-meta":"default","adv-header-id-meta":"","stick-header-meta":"","header-above-stick-meta":"","header-main-stick-meta":"","header-below-stick-meta":"","astra-migrate-meta-layouts":"set","ast-page-background-enabled":"default","ast-page-background-meta":{"desktop":{"background-color":"","background-image":"","background-repeat":"repeat","background-position":"center center","background-size":"auto","background-attachment":"scroll","background-type":"","background-media":"","overlay-type":"","overlay-color":"","overlay-opacity":"","overlay-gradient":""},"tablet":{"background-color":"","background-image":"","background-repeat":"repeat","background-position":"center center","background-size":"auto","background-attachment":"scroll","background-type":"","background-media":"","overlay-type":"","overlay-color":"","overlay-opacity":"","overlay-gradient":""},"mobile":{"background-color":"","background-image":"","background-repeat":"repeat","background-position":"center center","background-size":"auto","background-attachment":"scroll","background-type":"","background-media":"","overlay-type":"","overlay-color":"","overlay-opacity":"","overlay-gradient":""}},"ast-content-background-meta":{"desktop":{"background-color":"var(--ast-global-color-5)","background-image":"","background-repeat":"repeat","background-position":"center center","background-size":"auto","background-attachment":"scroll","background-type":"","background-media":"","overlay-type":"","overlay-color":"","overlay-opacity":"","overlay-gradient":""},"tablet":{"background-color":"var(--ast-global-color-5)","background-image":"","background-repeat":"repeat","background-position":"center center","background-size":"auto","background-attachment":"scroll","background-type":"","background-media":"","overlay-type":"","overlay-color":"","overlay-opacity":"","overlay-gradient":""},"mobile":{"background-color":"var(--ast-global-color-5)","background-image":"","background-repeat":"repeat","background-position":"center center","background-size":"auto","background-attachment":"scroll","background-type":"","background-media":"","overlay-type":"","overlay-color":"","overlay-opacity":"","overlay-gradient":""}}},"product_brand":[],"product_cat":[104],"product_tag":[],"class_list":{"0":"post-7570","1":"product","2":"type-product","3":"status-publish","4":"has-post-thumbnail","6":"product_cat-sztuczne-kwiaty","7":"product_shipping_class-lekkie-paczki","8":"desktop-align-center","9":"tablet-align-left","10":"mobile-align-center","12":"first","13":"instock","14":"featured","15":"shipping-taxable","16":"purchasable","17":"product-type-variable"},"_links":{"self":[{"href":"https:\/\/af3ddruk.me\/index.php?rest_route=\/wp\/v2\/product\/7570","targetHints":{"allow":["GET"]}}],"collection":[{"href":"https:\/\/af3ddruk.me\/index.php?rest_route=\/wp\/v2\/product"}],"about":[{"href":"https:\/\/af3ddruk.me\/index.php?rest_route=\/wp\/v2\/types\/product"}],"version-history":[{"count":14,"href":"https:\/\/af3ddruk.me\/index.php?rest_route=\/wp\/v2\/product\/7570\/revisions"}],"predecessor-version":[{"id":8812,"href":"https:\/\/af3ddruk.me\/index.php?rest_route=\/wp\/v2\/product\/7570\/revisions\/8812"}],"wp:featuredmedia":[{"embeddable":true,"href":"https:\/\/af3ddruk.me\/index.php?rest_route=\/wp\/v2\/media\/7572"}],"wp:attachment":[{"href":"https:\/\/af3ddruk.me\/index.php?rest_route=%2Fwp%2Fv2%2Fmedia&parent=7570"}],"wp:term":[{"taxonomy":"product_brand","embeddable":true,"href":"https:\/\/af3ddruk.me\/index.php?rest_route=%2Fwp%2Fv2%2Fproduct_brand&post=7570"},{"taxonomy":"product_cat","embeddable":true,"href":"https:\/\/af3ddruk.me\/index.php?rest_route=%2Fwp%2Fv2%2Fproduct_cat&post=7570"},{"taxonomy":"product_tag","embeddable":true,"href":"https:\/\/af3ddruk.me\/index.php?rest_route=%2Fwp%2Fv2%2Fproduct_tag&post=7570"}],"curies":[{"name":"wp","href":"https:\/\/api.w.org\/{rel}","templated":true}]}}