{"id":7548,"date":"2026-03-28T18:54:51","date_gmt":"2026-03-28T17:54:51","guid":{"rendered":"https:\/\/af3ddruk.me\/?post_type=product&#038;p=7548"},"modified":"2026-04-03T20:29:37","modified_gmt":"2026-04-03T19:29:37","slug":"wazon-do-sztucznych-kwiatow-2","status":"publish","type":"product","link":"https:\/\/af3ddruk.me\/?product=wazon-do-sztucznych-kwiatow-2","title":{"rendered":"Wazon Do Sztucznych Kwiat\u00f3w"},"content":{"rendered":"<p><img fetchpriority=\"high\" decoding=\"async\" class=\"size-medium wp-image-7318 aligncenter\" src=\"https:\/\/af3ddruk.me\/wp-content\/uploads\/2026\/03\/ChatGPT-Image-27-mar-2026-14_05_34-2-200x300.png\" alt=\"Wazon do Sztucznych Kwiat\u00f3w\" width=\"200\" height=\"300\" srcset=\"https:\/\/af3ddruk.me\/wp-content\/uploads\/2026\/03\/ChatGPT-Image-27-mar-2026-14_05_34-2-200x300.png 200w, https:\/\/af3ddruk.me\/wp-content\/uploads\/2026\/03\/ChatGPT-Image-27-mar-2026-14_05_34-2-683x1024.png 683w, https:\/\/af3ddruk.me\/wp-content\/uploads\/2026\/03\/ChatGPT-Image-27-mar-2026-14_05_34-2-768x1152.png 768w, https:\/\/af3ddruk.me\/wp-content\/uploads\/2026\/03\/ChatGPT-Image-27-mar-2026-14_05_34-2-600x900.png 600w, https:\/\/af3ddruk.me\/wp-content\/uploads\/2026\/03\/ChatGPT-Image-27-mar-2026-14_05_34-2.png 1024w\" sizes=\"(max-width: 200px) 100vw, 200px\" \/><\/p>\n<h4 style=\"text-align: center;\" data-start=\"52\" data-end=\"228\">Wazon dekoracyjny\u00a0 Nowoczesny Design<\/h4>\n<p style=\"text-align: center;\" data-start=\"52\" data-end=\"228\">Stylowy wazon o unikalnym, spiralnym kszta\u0142cie. Idealnie sprawdzi si\u0119 jako dekoracja do domu lub biura \u2013 zar\u00f3wno z kwiatami, jak i samodzielnie.<\/p>\n<p style=\"text-align: center;\" data-start=\"230\" data-end=\"302\">Wykonany z wysokiej jako\u015bci materia\u0142\u00f3w, jest lekki, trwa\u0142y i estetyczny.<\/p>\n<p style=\"text-align: center;\" data-start=\"304\" data-end=\"380\" data-is-last-node=\"\" data-is-only-node=\"\"><strong data-start=\"304\" data-end=\"327\">\u2714 nowoczesny wygl\u0105d<\/strong><br data-start=\"327\" data-end=\"330\" \/><strong data-start=\"330\" data-end=\"353\">\u2714 solidne wykonanie<\/strong><br data-start=\"353\" data-end=\"356\" \/><strong data-start=\"356\" data-end=\"380\" data-is-last-node=\"\" data-is-only-node=\"\">\u2714 idealny na prezent<\/strong><\/p>\n<p style=\"text-align: center;\" data-start=\"304\" data-end=\"380\" data-is-last-node=\"\" data-is-only-node=\"\"><strong>Wymiary<\/strong><\/p>\n<p style=\"text-align: center;\" data-start=\"304\" data-end=\"380\" data-is-last-node=\"\" data-is-only-node=\"\"><strong>17 \u00d7 17 \u00d7 20 cm<\/strong><\/p>\n<p style=\"text-align: center;\" data-start=\"304\" data-end=\"380\" data-is-last-node=\"\" data-is-only-node=\"\"><span style=\"font-size: 16px;\">Dost\u0119pne R\u00f3\u017cne Kolory<\/span><\/p>\n<p style=\"text-align: center;\" data-start=\"304\" data-end=\"380\" data-is-last-node=\"\" data-is-only-node=\"\">\ud83c\uddf5\ud83c\uddf1 Produkt tworzony w Polsce<br data-start=\"1104\" data-end=\"1107\" \/>Ka\u017cdy produkt jest projektowany i wykonywany lokalnie, z dba\u0142o\u015bci\u0105 o jako\u015b\u0107 i detale. Kupuj\u0105c, wspierasz polsk\u0105 produkcj\u0119.<\/p>\n","protected":false},"excerpt":{"rendered":"<h4 style=\"text-align: center;\" data-start=\"52\" data-end=\"228\">Wazon dekoracyjny\u00a0 Nowoczesny Design<\/h4>\n","protected":false},"featured_media":7602,"template":"","meta":{"site-sidebar-layout":"default","site-content-layout":"","ast-site-content-layout":"default","site-content-style":"default","site-sidebar-style":"default","ast-global-header-display":"","ast-banner-title-visibility":"","ast-main-header-display":"","ast-hfb-above-header-display":"","ast-hfb-below-header-display":"","ast-hfb-mobile-header-display":"","site-post-title":"","ast-breadcrumbs-content":"","ast-featured-img":"","footer-sml-layout":"","ast-disable-related-posts":"","theme-transparent-header-meta":"default","adv-header-id-meta":"","stick-header-meta":"","header-above-stick-meta":"","header-main-stick-meta":"","header-below-stick-meta":"","astra-migrate-meta-layouts":"set","ast-page-background-enabled":"default","ast-page-background-meta":{"desktop":{"background-color":"","background-image":"","background-repeat":"repeat","background-position":"center center","background-size":"auto","background-attachment":"scroll","background-type":"","background-media":"","overlay-type":"","overlay-color":"","overlay-opacity":"","overlay-gradient":""},"tablet":{"background-color":"","background-image":"","background-repeat":"repeat","background-position":"center center","background-size":"auto","background-attachment":"scroll","background-type":"","background-media":"","overlay-type":"","overlay-color":"","overlay-opacity":"","overlay-gradient":""},"mobile":{"background-color":"","background-image":"","background-repeat":"repeat","background-position":"center center","background-size":"auto","background-attachment":"scroll","background-type":"","background-media":"","overlay-type":"","overlay-color":"","overlay-opacity":"","overlay-gradient":""}},"ast-content-background-meta":{"desktop":{"background-color":"var(--ast-global-color-5)","background-image":"","background-repeat":"repeat","background-position":"center center","background-size":"auto","background-attachment":"scroll","background-type":"","background-media":"","overlay-type":"","overlay-color":"","overlay-opacity":"","overlay-gradient":""},"tablet":{"background-color":"var(--ast-global-color-5)","background-image":"","background-repeat":"repeat","background-position":"center center","background-size":"auto","background-attachment":"scroll","background-type":"","background-media":"","overlay-type":"","overlay-color":"","overlay-opacity":"","overlay-gradient":""},"mobile":{"background-color":"var(--ast-global-color-5)","background-image":"","background-repeat":"repeat","background-position":"center center","background-size":"auto","background-attachment":"scroll","background-type":"","background-media":"","overlay-type":"","overlay-color":"","overlay-opacity":"","overlay-gradient":""}}},"product_brand":[],"product_cat":[37,60],"product_tag":[],"class_list":{"0":"post-7548","1":"product","2":"type-product","3":"status-publish","4":"has-post-thumbnail","6":"product_cat-dla-domu","7":"product_cat-wazony","8":"product_shipping_class-lekkie-paczki","9":"desktop-align-center","10":"tablet-align-left","11":"mobile-align-center","13":"first","14":"instock","15":"featured","16":"shipping-taxable","17":"purchasable","18":"product-type-variable"},"_links":{"self":[{"href":"https:\/\/af3ddruk.me\/index.php?rest_route=\/wp\/v2\/product\/7548","targetHints":{"allow":["GET"]}}],"collection":[{"href":"https:\/\/af3ddruk.me\/index.php?rest_route=\/wp\/v2\/product"}],"about":[{"href":"https:\/\/af3ddruk.me\/index.php?rest_route=\/wp\/v2\/types\/product"}],"version-history":[{"count":15,"href":"https:\/\/af3ddruk.me\/index.php?rest_route=\/wp\/v2\/product\/7548\/revisions"}],"predecessor-version":[{"id":8811,"href":"https:\/\/af3ddruk.me\/index.php?rest_route=\/wp\/v2\/product\/7548\/revisions\/8811"}],"wp:featuredmedia":[{"embeddable":true,"href":"https:\/\/af3ddruk.me\/index.php?rest_route=\/wp\/v2\/media\/7602"}],"wp:attachment":[{"href":"https:\/\/af3ddruk.me\/index.php?rest_route=%2Fwp%2Fv2%2Fmedia&parent=7548"}],"wp:term":[{"taxonomy":"product_brand","embeddable":true,"href":"https:\/\/af3ddruk.me\/index.php?rest_route=%2Fwp%2Fv2%2Fproduct_brand&post=7548"},{"taxonomy":"product_cat","embeddable":true,"href":"https:\/\/af3ddruk.me\/index.php?rest_route=%2Fwp%2Fv2%2Fproduct_cat&post=7548"},{"taxonomy":"product_tag","embeddable":true,"href":"https:\/\/af3ddruk.me\/index.php?rest_route=%2Fwp%2Fv2%2Fproduct_tag&post=7548"}],"curies":[{"name":"wp","href":"https:\/\/api.w.org\/{rel}","templated":true}]}}