{"id":43,"date":"2026-03-31T20:01:52","date_gmt":"2026-03-31T19:01:52","guid":{"rendered":"https:\/\/af3ddruk.me\/about\/"},"modified":"2026-04-02T13:54:35","modified_gmt":"2026-04-02T12:54:35","slug":"about","status":"publish","type":"page","link":"https:\/\/af3ddruk.me\/?page_id=43","title":{"rendered":"O Nas"},"content":{"rendered":"\t\t<div data-elementor-type=\"wp-post\" data-elementor-id=\"43\" class=\"elementor elementor-43\">\n\t\t\t\t<div class=\"elementor-element elementor-element-79b68a0 e-flex e-con-boxed e-con e-parent\" data-id=\"79b68a0\" data-element_type=\"container\" data-e-type=\"container\" data-settings=\"{&quot;background_background&quot;:&quot;classic&quot;}\">\n\t\t\t\t\t<div class=\"e-con-inner\">\n\t\t<div class=\"elementor-element elementor-element-991f51b e-con-full e-flex e-con e-child\" data-id=\"991f51b\" data-element_type=\"container\" data-e-type=\"container\">\n\t\t\t\t<div class=\"elementor-element elementor-element-61a32d0 elementor-widget elementor-widget-heading\" data-id=\"61a32d0\" data-element_type=\"widget\" data-e-type=\"widget\" data-widget_type=\"heading.default\">\n\t\t\t\t<div class=\"elementor-widget-container\">\n\t\t\t\t\t<h1 class=\"elementor-heading-title elementor-size-default\">O Nas<\/h1>\t\t\t\t<\/div>\n\t\t\t\t<\/div>\n\t\t\t\t<\/div>\n\t\t\t\t\t<\/div>\n\t\t\t\t<\/div>\n\t\t<div class=\"elementor-element elementor-element-d6f8f8d e-con-full e-flex e-con e-parent\" data-id=\"d6f8f8d\" data-element_type=\"container\" data-e-type=\"container\" data-settings=\"{&quot;background_background&quot;:&quot;classic&quot;}\">\n\t\t<div class=\"elementor-element elementor-element-af42f05 e-con-full e-flex e-con e-child\" data-id=\"af42f05\" data-element_type=\"container\" data-e-type=\"container\">\n\t\t<div class=\"elementor-element elementor-element-2a11bca e-con-full e-flex e-con e-child\" data-id=\"2a11bca\" data-element_type=\"container\" data-e-type=\"container\">\n\t\t<div class=\"elementor-element elementor-element-b4b1dc6 e-con-full e-flex e-con e-child\" data-id=\"b4b1dc6\" data-element_type=\"container\" data-e-type=\"container\" data-settings=\"{&quot;background_background&quot;:&quot;classic&quot;}\">\n\t\t\t\t<div class=\"elementor-element elementor-element-c16320b elementor-widget-divider--view-line elementor-widget elementor-widget-divider\" data-id=\"c16320b\" data-element_type=\"widget\" data-e-type=\"widget\" data-widget_type=\"divider.default\">\n\t\t\t\t<div class=\"elementor-widget-container\">\n\t\t\t\t\t\t\t<div class=\"elementor-divider\">\n\t\t\t<span class=\"elementor-divider-separator\">\n\t\t\t\t\t\t<\/span>\n\t\t<\/div>\n\t\t\t\t\t\t<\/div>\n\t\t\t\t<\/div>\n\t\t\t\t<div class=\"elementor-element elementor-element-d8e332f elementor-widget elementor-widget-hfe-infocard\" data-id=\"d8e332f\" data-element_type=\"widget\" data-e-type=\"widget\" data-widget_type=\"hfe-infocard.default\">\n\t\t\t\t<div class=\"elementor-widget-container\">\n\t\t\t\t\t\n\t\t<div class=\"hfe-infocard\">\n\t\t\t\t\t\t\t\t\t<div class=\"hfe-infocard-title-wrap\">\n\t\t\t\t<h2 class=\"hfe-infocard-title elementor-inline-editing\" data-elementor-setting-key=\"infocard_title\" data-elementor-inline-editing-toolbar=\"basic\" >Kim Jeste\u015bmy ?<\/h2>\t\t\t<\/div>\n\t\t\t\t\t\t<div class=\"hfe-infocard-text-wrap\">\n\t\t\t\t<div class=\"hfe-infocard-text elementor-inline-editing\" data-elementor-setting-key=\"infocard_description\" data-elementor-inline-editing-toolbar=\"advanced\">\n\t\t\t\t\tJeste\u015bmy firm\u0105 z Ciechanowa, kt\u00f3ra specjalizuje si\u0119 w tworzeniu projekt\u00f3w na zam\u00f3wienie \u2013 od praktycznych element\u00f3w u\u017cytkowych po unikalne realizacje dopasowane do indywidualnych potrzeb.\n\n\u0141\u0105czymy precyzj\u0119 wykonania z kreatywnym podej\u015bciem, oferuj\u0105c rozwi\u0105zania tam, gdzie gotowe produkty nie spe\u0142niaj\u0105 oczekiwa\u0144 lub po prostu nie istniej\u0105.\t\t\t\t<\/div>\n\t\t\t\t\t\t\t<\/div>\n\t\t<\/div>\n\n\t\t\t\t\t\t<\/div>\n\t\t\t\t<\/div>\n\t\t\t\t<\/div>\n\t\t<div class=\"elementor-element elementor-element-d8389aa e-con-full e-flex e-con e-child\" data-id=\"d8389aa\" data-element_type=\"container\" data-e-type=\"container\" data-settings=\"{&quot;background_background&quot;:&quot;classic&quot;}\">\n\t\t\t\t<div class=\"elementor-element elementor-element-8b27a23 elementor-widget elementor-widget-image\" data-id=\"8b27a23\" data-element_type=\"widget\" data-e-type=\"widget\" data-widget_type=\"image.default\">\n\t\t\t\t<div class=\"elementor-widget-container\">\n\t\t\t\t\t\t\t\t\t\t\t\t\t\t\t<img fetchpriority=\"high\" decoding=\"async\" width=\"683\" height=\"1024\" src=\"https:\/\/af3ddruk.me\/wp-content\/uploads\/2026\/04\/ChatGPT-Image-31-mar-2026-23_07_58-683x1024.png\" class=\"attachment-large size-large wp-image-8514\" alt=\"\" srcset=\"https:\/\/af3ddruk.me\/wp-content\/uploads\/2026\/04\/ChatGPT-Image-31-mar-2026-23_07_58-683x1024.png 683w, https:\/\/af3ddruk.me\/wp-content\/uploads\/2026\/04\/ChatGPT-Image-31-mar-2026-23_07_58-200x300.png 200w, https:\/\/af3ddruk.me\/wp-content\/uploads\/2026\/04\/ChatGPT-Image-31-mar-2026-23_07_58-768x1152.png 768w, https:\/\/af3ddruk.me\/wp-content\/uploads\/2026\/04\/ChatGPT-Image-31-mar-2026-23_07_58-600x900.png 600w, https:\/\/af3ddruk.me\/wp-content\/uploads\/2026\/04\/ChatGPT-Image-31-mar-2026-23_07_58.png 1024w\" sizes=\"(max-width: 683px) 100vw, 683px\" \/>\t\t\t\t\t\t\t\t\t\t\t\t\t\t\t<\/div>\n\t\t\t\t<\/div>\n\t\t\t\t<\/div>\n\t\t\t\t<\/div>\n\t\t\t\t<\/div>\n\t\t\t\t<\/div>\n\t\t<div class=\"elementor-element elementor-element-46001fb e-flex e-con-boxed e-con e-parent\" data-id=\"46001fb\" data-element_type=\"container\" data-e-type=\"container\" data-settings=\"{&quot;background_background&quot;:&quot;classic&quot;}\">\n\t\t\t\t\t<div class=\"e-con-inner\">\n\t\t\t\t\t<\/div>\n\t\t\t\t<\/div>\n\t\t<div class=\"elementor-element elementor-element-25eeec2 e-flex e-con-boxed e-con e-parent\" data-id=\"25eeec2\" data-element_type=\"container\" data-e-type=\"container\" data-settings=\"{&quot;background_background&quot;:&quot;classic&quot;}\">\n\t\t\t\t\t<div class=\"e-con-inner\">\n\t\t<div class=\"elementor-element elementor-element-8d6e746 e-con-full e-flex e-con e-child\" data-id=\"8d6e746\" data-element_type=\"container\" data-e-type=\"container\" data-settings=\"{&quot;background_background&quot;:&quot;classic&quot;}\">\n\t\t\t\t<div class=\"elementor-element elementor-element-3b52d52 elementor-widget-divider--view-line elementor-widget elementor-widget-divider\" data-id=\"3b52d52\" data-element_type=\"widget\" data-e-type=\"widget\" data-widget_type=\"divider.default\">\n\t\t\t\t<div class=\"elementor-widget-container\">\n\t\t\t\t\t\t\t<div class=\"elementor-divider\">\n\t\t\t<span class=\"elementor-divider-separator\">\n\t\t\t\t\t\t<\/span>\n\t\t<\/div>\n\t\t\t\t\t\t<\/div>\n\t\t\t\t<\/div>\n\t\t\t\t<div class=\"elementor-element elementor-element-d5eb90c elementor-widget elementor-widget-heading\" data-id=\"d5eb90c\" data-element_type=\"widget\" data-e-type=\"widget\" data-widget_type=\"heading.default\">\n\t\t\t\t<div class=\"elementor-widget-container\">\n\t\t\t\t\t<h2 class=\"elementor-heading-title elementor-size-default\">Zaobserwuj!<\/h2>\t\t\t\t<\/div>\n\t\t\t\t<\/div>\n\t\t\t\t<div class=\"elementor-element elementor-element-5486d17 elementor-shape-rounded elementor-grid-0 e-grid-align-center elementor-widget elementor-widget-social-icons\" data-id=\"5486d17\" data-element_type=\"widget\" data-e-type=\"widget\" data-widget_type=\"social-icons.default\">\n\t\t\t\t<div class=\"elementor-widget-container\">\n\t\t\t\t\t\t\t<div class=\"elementor-social-icons-wrapper elementor-grid\" role=\"list\">\n\t\t\t\t\t\t\t<span class=\"elementor-grid-item\" role=\"listitem\">\n\t\t\t\t\t<a class=\"elementor-icon elementor-social-icon elementor-social-icon-facebook-f elementor-repeater-item-9e740e1\" href=\"https:\/\/www.facebook.com\/AF3DDrukCiechanow\">\n\t\t\t\t\t\t<span class=\"elementor-screen-only\">Facebook-f<\/span>\n\t\t\t\t\t\t<i aria-hidden=\"true\" class=\"fab fa-facebook-f\"><\/i>\t\t\t\t\t<\/a>\n\t\t\t\t<\/span>\n\t\t\t\t\t\t\t<span class=\"elementor-grid-item\" role=\"listitem\">\n\t\t\t\t\t<a class=\"elementor-icon elementor-social-icon elementor-social-icon-youtube elementor-repeater-item-6aca417\" href=\"https:\/\/www.youtube.com\/@AF3DDruk\" target=\"_blank\">\n\t\t\t\t\t\t<span class=\"elementor-screen-only\">Youtube<\/span>\n\t\t\t\t\t\t<i aria-hidden=\"true\" class=\"fab fa-youtube\"><\/i>\t\t\t\t\t<\/a>\n\t\t\t\t<\/span>\n\t\t\t\t\t<\/div>\n\t\t\t\t\t\t<\/div>\n\t\t\t\t<\/div>\n\t\t\t\t<\/div>\n\t\t\t\t\t<\/div>\n\t\t\t\t<\/div>\n\t\t<div class=\"elementor-element elementor-element-7e5327e e-flex e-con-boxed e-con e-parent\" data-id=\"7e5327e\" data-element_type=\"container\" data-e-type=\"container\" data-settings=\"{&quot;background_background&quot;:&quot;classic&quot;}\">\n\t\t\t\t\t<div class=\"e-con-inner\">\n\t\t<div class=\"elementor-element elementor-element-a5cd6c6 e-con-full e-flex e-con e-child\" data-id=\"a5cd6c6\" data-element_type=\"container\" data-e-type=\"container\">\n\t\t\t\t<div class=\"elementor-element elementor-element-cb75962 elementor-position-top elementor-widget elementor-widget-image-box\" data-id=\"cb75962\" data-element_type=\"widget\" data-e-type=\"widget\" data-widget_type=\"image-box.default\">\n\t\t\t\t<div class=\"elementor-widget-container\">\n\t\t\t\t\t<div class=\"elementor-image-box-wrapper\"><figure class=\"elementor-image-box-img\"><img decoding=\"async\" width=\"120\" height=\"120\" src=\"https:\/\/af3ddruk.me\/wp-content\/uploads\/2018\/12\/globe-free-img.png\" class=\"attachment-full size-full wp-image-586\" alt=\"\" srcset=\"https:\/\/af3ddruk.me\/wp-content\/uploads\/2018\/12\/globe-free-img.png 120w, https:\/\/af3ddruk.me\/wp-content\/uploads\/2018\/12\/globe-free-img-100x100.png 100w\" sizes=\"(max-width: 120px) 100vw, 120px\" \/><\/figure><\/div>\t\t\t\t<\/div>\n\t\t\t\t<\/div>\n\t\t\t\t<\/div>\n\t\t<div class=\"elementor-element elementor-element-aedde58 e-con-full e-flex e-con e-child\" data-id=\"aedde58\" data-element_type=\"container\" data-e-type=\"container\">\n\t\t\t\t<div class=\"elementor-element elementor-element-354e72a elementor-position-top elementor-widget elementor-widget-image-box\" data-id=\"354e72a\" data-element_type=\"widget\" data-e-type=\"widget\" data-widget_type=\"image-box.default\">\n\t\t\t\t<div class=\"elementor-widget-container\">\n\t\t\t\t\t<div class=\"elementor-image-box-wrapper\"><figure class=\"elementor-image-box-img\"><img decoding=\"async\" width=\"120\" height=\"120\" src=\"https:\/\/af3ddruk.me\/wp-content\/uploads\/2018\/12\/quality-free-img.png\" class=\"attachment-full size-full wp-image-588\" alt=\"\" srcset=\"https:\/\/af3ddruk.me\/wp-content\/uploads\/2018\/12\/quality-free-img.png 120w, https:\/\/af3ddruk.me\/wp-content\/uploads\/2018\/12\/quality-free-img-100x100.png 100w\" sizes=\"(max-width: 120px) 100vw, 120px\" \/><\/figure><\/div>\t\t\t\t<\/div>\n\t\t\t\t<\/div>\n\t\t\t\t<\/div>\n\t\t<div class=\"elementor-element elementor-element-dbc9b68 e-con-full e-flex e-con e-child\" data-id=\"dbc9b68\" data-element_type=\"container\" data-e-type=\"container\">\n\t\t\t\t<div class=\"elementor-element elementor-element-6bef0f0 elementor-position-top elementor-widget elementor-widget-image-box\" data-id=\"6bef0f0\" data-element_type=\"widget\" data-e-type=\"widget\" data-widget_type=\"image-box.default\">\n\t\t\t\t<div class=\"elementor-widget-container\">\n\t\t\t\t\t<div class=\"elementor-image-box-wrapper\"><figure class=\"elementor-image-box-img\"><img loading=\"lazy\" decoding=\"async\" width=\"120\" height=\"120\" src=\"https:\/\/af3ddruk.me\/wp-content\/uploads\/2018\/12\/tag-free-img.png\" class=\"attachment-full size-full wp-image-589\" alt=\"\" srcset=\"https:\/\/af3ddruk.me\/wp-content\/uploads\/2018\/12\/tag-free-img.png 120w, https:\/\/af3ddruk.me\/wp-content\/uploads\/2018\/12\/tag-free-img-100x100.png 100w\" sizes=\"(max-width: 120px) 100vw, 120px\" \/><\/figure><\/div>\t\t\t\t<\/div>\n\t\t\t\t<\/div>\n\t\t\t\t<\/div>\n\t\t<div class=\"elementor-element elementor-element-e16ff0a e-con-full e-flex e-con e-child\" data-id=\"e16ff0a\" data-element_type=\"container\" data-e-type=\"container\">\n\t\t\t\t<div class=\"elementor-element elementor-element-5fcddda elementor-position-top elementor-widget elementor-widget-image-box\" data-id=\"5fcddda\" data-element_type=\"widget\" data-e-type=\"widget\" data-widget_type=\"image-box.default\">\n\t\t\t\t<div class=\"elementor-widget-container\">\n\t\t\t\t\t<div class=\"elementor-image-box-wrapper\"><figure class=\"elementor-image-box-img\"><img loading=\"lazy\" decoding=\"async\" width=\"120\" height=\"120\" src=\"https:\/\/af3ddruk.me\/wp-content\/uploads\/2018\/12\/lock-free-img.png\" class=\"attachment-full size-full wp-image-587\" alt=\"\" srcset=\"https:\/\/af3ddruk.me\/wp-content\/uploads\/2018\/12\/lock-free-img.png 120w, https:\/\/af3ddruk.me\/wp-content\/uploads\/2018\/12\/lock-free-img-100x100.png 100w\" sizes=\"(max-width: 120px) 100vw, 120px\" \/><\/figure><\/div>\t\t\t\t<\/div>\n\t\t\t\t<\/div>\n\t\t\t\t<\/div>\n\t\t\t\t\t<\/div>\n\t\t\t\t<\/div>\n\t\t\t\t<\/div>\n\t\t","protected":false},"excerpt":{"rendered":"<p>O Nas Kim Jeste\u015bmy ? Jeste\u015bmy firm\u0105 z Ciechanowa, kt\u00f3ra specjalizuje si\u0119 w tworzeniu projekt\u00f3w na zam\u00f3wienie \u2013 od praktycznych element\u00f3w u\u017cytkowych po unikalne realizacje dopasowane do indywidualnych potrzeb. \u0141\u0105czymy precyzj\u0119 wykonania z kreatywnym podej\u015bciem, oferuj\u0105c rozwi\u0105zania tam, gdzie gotowe produkty nie spe\u0142niaj\u0105 oczekiwa\u0144 lub po prostu nie istniej\u0105. Zaobserwuj! Facebook-f Youtube<\/p>\n","protected":false},"author":1,"featured_media":0,"parent":0,"menu_order":0,"comment_status":"closed","ping_status":"closed","template":"","meta":{"site-sidebar-layout":"no-sidebar","site-content-layout":"page-builder","ast-site-content-layout":"full-width-container","site-content-style":"unboxed","site-sidebar-style":"unboxed","ast-global-header-display":"","ast-banner-title-visibility":"","ast-main-header-display":"","ast-hfb-above-header-display":"","ast-hfb-below-header-display":"","ast-hfb-mobile-header-display":"","site-post-title":"","ast-breadcrumbs-content":"","ast-featured-img":"disabled","footer-sml-layout":"","ast-disable-related-posts":"","theme-transparent-header-meta":"enabled","adv-header-id-meta":"","stick-header-meta":"","header-above-stick-meta":"","header-main-stick-meta":"","header-below-stick-meta":"","astra-migrate-meta-layouts":"set","ast-page-background-enabled":"default","ast-page-background-meta":{"desktop":{"background-color":"","background-image":"","background-repeat":"repeat","background-position":"center center","background-size":"auto","background-attachment":"scroll","background-type":"","background-media":"","overlay-type":"","overlay-color":"","overlay-opacity":"","overlay-gradient":""},"tablet":{"background-color":"","background-image":"","background-repeat":"repeat","background-position":"center center","background-size":"auto","background-attachment":"scroll","background-type":"","background-media":"","overlay-type":"","overlay-color":"","overlay-opacity":"","overlay-gradient":""},"mobile":{"background-color":"","background-image":"","background-repeat":"repeat","background-position":"center center","background-size":"auto","background-attachment":"scroll","background-type":"","background-media":"","overlay-type":"","overlay-color":"","overlay-opacity":"","overlay-gradient":""}},"ast-content-background-meta":{"desktop":{"background-color":"var(--ast-global-color-5)","background-image":"","background-repeat":"repeat","background-position":"center center","background-size":"auto","background-attachment":"scroll","background-type":"","background-media":"","overlay-type":"","overlay-color":"","overlay-opacity":"","overlay-gradient":""},"tablet":{"background-color":"var(--ast-global-color-5)","background-image":"","background-repeat":"repeat","background-position":"center center","background-size":"auto","background-attachment":"scroll","background-type":"","background-media":"","overlay-type":"","overlay-color":"","overlay-opacity":"","overlay-gradient":""},"mobile":{"background-color":"var(--ast-global-color-5)","background-image":"","background-repeat":"repeat","background-position":"center center","background-size":"auto","background-attachment":"scroll","background-type":"","background-media":"","overlay-type":"","overlay-color":"","overlay-opacity":"","overlay-gradient":""}},"footnotes":""},"class_list":["post-43","page","type-page","status-publish","hentry"],"_links":{"self":[{"href":"https:\/\/af3ddruk.me\/index.php?rest_route=\/wp\/v2\/pages\/43","targetHints":{"allow":["GET"]}}],"collection":[{"href":"https:\/\/af3ddruk.me\/index.php?rest_route=\/wp\/v2\/pages"}],"about":[{"href":"https:\/\/af3ddruk.me\/index.php?rest_route=\/wp\/v2\/types\/page"}],"author":[{"embeddable":true,"href":"https:\/\/af3ddruk.me\/index.php?rest_route=\/wp\/v2\/users\/1"}],"replies":[{"embeddable":true,"href":"https:\/\/af3ddruk.me\/index.php?rest_route=%2Fwp%2Fv2%2Fcomments&post=43"}],"version-history":[{"count":16,"href":"https:\/\/af3ddruk.me\/index.php?rest_route=\/wp\/v2\/pages\/43\/revisions"}],"predecessor-version":[{"id":8703,"href":"https:\/\/af3ddruk.me\/index.php?rest_route=\/wp\/v2\/pages\/43\/revisions\/8703"}],"wp:attachment":[{"href":"https:\/\/af3ddruk.me\/index.php?rest_route=%2Fwp%2Fv2%2Fmedia&parent=43"}],"curies":[{"name":"wp","href":"https:\/\/api.w.org\/{rel}","templated":true}]}}